{"id":129886,"date":"2024-11-28T20:30:12","date_gmt":"2024-11-28T19:30:12","guid":{"rendered":"https:\/\/15131.p.syniva.es\/asics-solution-speed-ff-3-clay\/"},"modified":"2026-04-08T09:58:13","modified_gmt":"2026-04-08T07:58:13","slug":"asics-solution-speed-ff-3-clay-5","status":"publish","type":"product","link":"https:\/\/15131.p.syniva.es\/pt-pt\/produto\/asics-solution-speed-ff-3-clay-5\/","title":{"rendered":"ASICS SOLUTION SPEED FF 3 CLAY"},"content":{"rendered":"<p><H2> ASICS Solu\u00e7\u00e3o Speed \u200b\u200bFF 3 Clay Orange Woman <\/h2>\n<p>Os sapatos Padel para mulheres Asics Solution Speed \u200b\u200bFF 3 Clay Blank and Orange s\u00e3o especialmente projetados para oferecer um desempenho mais alto no terreno teimoso e na remo, proporcionando excelente amortecimento e reatividade m\u00e1xima o tempo todo. Eles t\u00eam apoio adicional gra\u00e7as \u00e0s inser\u00e7\u00f5es laterais da TPU, que mant\u00eam seus p\u00e9s firmes e bem posicionados.<\/p>\n<p>Sua sola com padr\u00e3o de pico impede o ac\u00famulo de areia e garante uma ader\u00eancia ideal, melhorando a tra\u00e7\u00e3o e permitindo movimentos \u00e1geis e suaves na pista. Al\u00e9m disso, a sola \u00e9 feita com borracha AHAR, um material resistente a desgaste, que aumenta a durabilidade do sapato.<\/p>\n<p>A parte superior \u00e9 constru\u00edda com uma malha respir\u00e1vel e resistente, o que garante um bom ajuste sem sacrificar conforto ou ventila\u00e7\u00e3o. A Mediauela combina a tecnologia Flytefoam e a constru\u00e7\u00e3o do espa\u00e7o 3D, adaptando -se perfeitamente ao p\u00e9 feminino para fornecer um amortecimento leve e eficaz em cada movimento.<\/p>\n<p>Seu design moderno e elegante, com detalhes em tons de laranja em um alvo suave, far\u00e1 com que voc\u00ea se destaque dentro e fora da pista.<\/p>\n<h2>Asics Solution Speed FF 3 Clay Naranja Mujer<\/h2>\n","protected":false},"excerpt":{"rendered":"<p>Sapatos Padel para mulheres ASICS Solu\u00e7\u00e3o Speed \u200b\u200bFF 3 Argila com sola de pico feita de borracha ahaplus para resist\u00eancia ao desgaste ideal. Bom amortecimento em desembarques.<\/p>\n","protected":false},"featured_media":129832,"comment_status":"open","ping_status":"closed","template":"","meta":{"_acf_changed":false,"_joinchat":[]},"acabado":[],"balance":[],"dureza":[],"forma":[],"jugador":[1195],"marca":[1325],"nivel-de-juego":[],"superficie":[],"tipo-de-juego":[],"product_brand":[],"product_cat":[833],"product_tag":[],"class_list":{"0":"post-129886","1":"product","2":"type-product","3":"status-publish","4":"has-post-thumbnail","6":"jugador-mulher","7":"marca-asics-pt-pt","8":"product_cat-tenis","10":"first","11":"outofstock","12":"sale","13":"taxable","14":"shipping-taxable","15":"purchasable","16":"product-type-variable"},"acf":[],"yoast_head":"<!-- This site is optimized with the Yoast SEO plugin v27.3 - https:\/\/yoast.com\/product\/yoast-seo-wordpress\/ -->\n<title>ASICS SOLUTION SPEED FF 3 CLAY - Revolution Padel Store<\/title>\n<meta name=\"description\" content=\"Las zapatillas de p\u00e1del para mujer Asics Solution Speed FF 3 Clay en blanco y naranja est\u00e1n especialmente dise\u00f1adas para ofrecer un rendimiento superior en pistas de tierra batida y p\u00e1del, proporcionando una excelente amortiguaci\u00f3n y m\u00e1xima reactividad en todo momento. Cuentan con soporte adicional gracias a las inserciones laterales de TPU termoselladas, que mantienen el pie firme y bien posicionado.\" \/>\n<meta name=\"robots\" content=\"index, follow, max-snippet:-1, max-image-preview:large, max-video-preview:-1\" \/>\n<link rel=\"canonical\" href=\"https:\/\/15131.p.syniva.es\/pt-pt\/produto\/asics-solution-speed-ff-3-clay-5\/\" \/>\n<meta property=\"og:locale\" content=\"pt_PT\" \/>\n<meta property=\"og:type\" content=\"article\" \/>\n<meta property=\"og:title\" content=\"ASICS SOLUTION SPEED FF 3 CLAY - Revolution Padel Store\" \/>\n<meta property=\"og:description\" content=\"Las zapatillas de p\u00e1del para mujer Asics Solution Speed FF 3 Clay en blanco y naranja est\u00e1n especialmente dise\u00f1adas para ofrecer un rendimiento superior en pistas de tierra batida y p\u00e1del, proporcionando una excelente amortiguaci\u00f3n y m\u00e1xima reactividad en todo momento. Cuentan con soporte adicional gracias a las inserciones laterales de TPU termoselladas, que mantienen el pie firme y bien posicionado.\" \/>\n<meta property=\"og:url\" content=\"https:\/\/15131.p.syniva.es\/pt-pt\/produto\/asics-solution-speed-ff-3-clay-5\/\" \/>\n<meta property=\"og:site_name\" content=\"Revolution Padel Store\" \/>\n<meta property=\"article:modified_time\" content=\"2026-04-08T07:58:13+00:00\" \/>\n<meta property=\"og:image\" content=\"https:\/\/15131.p.syniva.es\/wp-content\/uploads\/2024\/11\/112839_zapatillas_asics_solution_speed_ff_3_clay_1042a248_102_mujer_1500x1500_1_c722.webp\" \/>\n\t<meta property=\"og:image:width\" content=\"1500\" \/>\n\t<meta property=\"og:image:height\" content=\"1500\" \/>\n\t<meta property=\"og:image:type\" content=\"image\/webp\" \/>\n<meta name=\"twitter:card\" content=\"summary_large_image\" \/>\n<meta name=\"twitter:label1\" content=\"Tempo estimado de leitura\" \/>\n\t<meta name=\"twitter:data1\" content=\"1 minuto\" \/>\n<script type=\"application\/ld+json\" class=\"yoast-schema-graph\">{\"@context\":\"https:\\\/\\\/schema.org\",\"@graph\":[{\"@type\":\"WebPage\",\"@id\":\"https:\\\/\\\/15131.p.syniva.es\\\/pt-pt\\\/produto\\\/asics-solution-speed-ff-3-clay-5\\\/\",\"url\":\"https:\\\/\\\/15131.p.syniva.es\\\/pt-pt\\\/produto\\\/asics-solution-speed-ff-3-clay-5\\\/\",\"name\":\"ASICS SOLUTION SPEED FF 3 CLAY - Revolution Padel Store\",\"isPartOf\":{\"@id\":\"https:\\\/\\\/15131.p.syniva.es\\\/pt-pt\\\/#website\"},\"primaryImageOfPage\":{\"@id\":\"https:\\\/\\\/15131.p.syniva.es\\\/pt-pt\\\/produto\\\/asics-solution-speed-ff-3-clay-5\\\/#primaryimage\"},\"image\":{\"@id\":\"https:\\\/\\\/15131.p.syniva.es\\\/pt-pt\\\/produto\\\/asics-solution-speed-ff-3-clay-5\\\/#primaryimage\"},\"thumbnailUrl\":\"https:\\\/\\\/15131.p.syniva.es\\\/wp-content\\\/uploads\\\/2024\\\/11\\\/112839_zapatillas_asics_solution_speed_ff_3_clay_1042a248_102_mujer_1500x1500_1_c722.webp\",\"datePublished\":\"2024-11-28T19:30:12+00:00\",\"dateModified\":\"2026-04-08T07:58:13+00:00\",\"description\":\"Las zapatillas de p\u00e1del para mujer Asics Solution Speed FF 3 Clay en blanco y naranja est\u00e1n especialmente dise\u00f1adas para ofrecer un rendimiento superior en pistas de tierra batida y p\u00e1del, proporcionando una excelente amortiguaci\u00f3n y m\u00e1xima reactividad en todo momento. Cuentan con soporte adicional gracias a las inserciones laterales de TPU termoselladas, que mantienen el pie firme y bien posicionado.\",\"breadcrumb\":{\"@id\":\"https:\\\/\\\/15131.p.syniva.es\\\/pt-pt\\\/produto\\\/asics-solution-speed-ff-3-clay-5\\\/#breadcrumb\"},\"inLanguage\":\"pt-PT\",\"potentialAction\":[{\"@type\":\"ReadAction\",\"target\":[\"https:\\\/\\\/15131.p.syniva.es\\\/pt-pt\\\/produto\\\/asics-solution-speed-ff-3-clay-5\\\/\"]}]},{\"@type\":\"ImageObject\",\"inLanguage\":\"pt-PT\",\"@id\":\"https:\\\/\\\/15131.p.syniva.es\\\/pt-pt\\\/produto\\\/asics-solution-speed-ff-3-clay-5\\\/#primaryimage\",\"url\":\"https:\\\/\\\/15131.p.syniva.es\\\/wp-content\\\/uploads\\\/2024\\\/11\\\/112839_zapatillas_asics_solution_speed_ff_3_clay_1042a248_102_mujer_1500x1500_1_c722.webp\",\"contentUrl\":\"https:\\\/\\\/15131.p.syniva.es\\\/wp-content\\\/uploads\\\/2024\\\/11\\\/112839_zapatillas_asics_solution_speed_ff_3_clay_1042a248_102_mujer_1500x1500_1_c722.webp\",\"width\":1500,\"height\":1500},{\"@type\":\"BreadcrumbList\",\"@id\":\"https:\\\/\\\/15131.p.syniva.es\\\/pt-pt\\\/produto\\\/asics-solution-speed-ff-3-clay-5\\\/#breadcrumb\",\"itemListElement\":[{\"@type\":\"ListItem\",\"position\":1,\"name\":\"Portada\",\"item\":\"https:\\\/\\\/15131.p.syniva.es\\\/pt-pt\\\/\"},{\"@type\":\"ListItem\",\"position\":2,\"name\":\"Tienda\",\"item\":\"https:\\\/\\\/15131.p.syniva.es\\\/pt-pt\\\/tienda\\\/\"},{\"@type\":\"ListItem\",\"position\":3,\"name\":\"ASICS SOLUTION SPEED FF 3 CLAY\"}]},{\"@type\":\"WebSite\",\"@id\":\"https:\\\/\\\/15131.p.syniva.es\\\/pt-pt\\\/#website\",\"url\":\"https:\\\/\\\/15131.p.syniva.es\\\/pt-pt\\\/\",\"name\":\"Revolution Padel Store\",\"description\":\"\",\"publisher\":{\"@id\":\"https:\\\/\\\/15131.p.syniva.es\\\/pt-pt\\\/#organization\"},\"potentialAction\":[{\"@type\":\"SearchAction\",\"target\":{\"@type\":\"EntryPoint\",\"urlTemplate\":\"https:\\\/\\\/15131.p.syniva.es\\\/pt-pt\\\/?s={search_term_string}\"},\"query-input\":{\"@type\":\"PropertyValueSpecification\",\"valueRequired\":true,\"valueName\":\"search_term_string\"}}],\"inLanguage\":\"pt-PT\"},{\"@type\":\"Organization\",\"@id\":\"https:\\\/\\\/15131.p.syniva.es\\\/pt-pt\\\/#organization\",\"name\":\"Revolution Padel Store\",\"url\":\"https:\\\/\\\/15131.p.syniva.es\\\/pt-pt\\\/\",\"logo\":{\"@type\":\"ImageObject\",\"inLanguage\":\"pt-PT\",\"@id\":\"https:\\\/\\\/15131.p.syniva.es\\\/pt-pt\\\/#\\\/schema\\\/logo\\\/image\\\/\",\"url\":\"https:\\\/\\\/15131.p.syniva.es\\\/wp-content\\\/uploads\\\/2026\\\/02\\\/revolution-padel-store.jpg\",\"contentUrl\":\"https:\\\/\\\/15131.p.syniva.es\\\/wp-content\\\/uploads\\\/2026\\\/02\\\/revolution-padel-store.jpg\",\"width\":2000,\"height\":2000,\"caption\":\"Revolution Padel Store\"},\"image\":{\"@id\":\"https:\\\/\\\/15131.p.syniva.es\\\/pt-pt\\\/#\\\/schema\\\/logo\\\/image\\\/\"},\"sameAs\":[\"https:\\\/\\\/www.instagram.com\\\/revolutionpadelstore\\\/\"]}]}<\/script>\n<!-- \/ Yoast SEO plugin. -->","yoast_head_json":{"title":"ASICS SOLUTION SPEED FF 3 CLAY - Revolution Padel Store","description":"Las zapatillas de p\u00e1del para mujer Asics Solution Speed FF 3 Clay en blanco y naranja est\u00e1n especialmente dise\u00f1adas para ofrecer un rendimiento superior en pistas de tierra batida y p\u00e1del, proporcionando una excelente amortiguaci\u00f3n y m\u00e1xima reactividad en todo momento. Cuentan con soporte adicional gracias a las inserciones laterales de TPU termoselladas, que mantienen el pie firme y bien posicionado.","robots":{"index":"index","follow":"follow","max-snippet":"max-snippet:-1","max-image-preview":"max-image-preview:large","max-video-preview":"max-video-preview:-1"},"canonical":"https:\/\/15131.p.syniva.es\/pt-pt\/produto\/asics-solution-speed-ff-3-clay-5\/","og_locale":"pt_PT","og_type":"article","og_title":"ASICS SOLUTION SPEED FF 3 CLAY - Revolution Padel Store","og_description":"Las zapatillas de p\u00e1del para mujer Asics Solution Speed FF 3 Clay en blanco y naranja est\u00e1n especialmente dise\u00f1adas para ofrecer un rendimiento superior en pistas de tierra batida y p\u00e1del, proporcionando una excelente amortiguaci\u00f3n y m\u00e1xima reactividad en todo momento. Cuentan con soporte adicional gracias a las inserciones laterales de TPU termoselladas, que mantienen el pie firme y bien posicionado.","og_url":"https:\/\/15131.p.syniva.es\/pt-pt\/produto\/asics-solution-speed-ff-3-clay-5\/","og_site_name":"Revolution Padel Store","article_modified_time":"2026-04-08T07:58:13+00:00","og_image":[{"width":1500,"height":1500,"url":"https:\/\/15131.p.syniva.es\/wp-content\/uploads\/2024\/11\/112839_zapatillas_asics_solution_speed_ff_3_clay_1042a248_102_mujer_1500x1500_1_c722.webp","type":"image\/webp"}],"twitter_card":"summary_large_image","twitter_misc":{"Tempo estimado de leitura":"1 minuto"},"schema":{"@context":"https:\/\/schema.org","@graph":[{"@type":"WebPage","@id":"https:\/\/15131.p.syniva.es\/pt-pt\/produto\/asics-solution-speed-ff-3-clay-5\/","url":"https:\/\/15131.p.syniva.es\/pt-pt\/produto\/asics-solution-speed-ff-3-clay-5\/","name":"ASICS SOLUTION SPEED FF 3 CLAY - Revolution Padel Store","isPartOf":{"@id":"https:\/\/15131.p.syniva.es\/pt-pt\/#website"},"primaryImageOfPage":{"@id":"https:\/\/15131.p.syniva.es\/pt-pt\/produto\/asics-solution-speed-ff-3-clay-5\/#primaryimage"},"image":{"@id":"https:\/\/15131.p.syniva.es\/pt-pt\/produto\/asics-solution-speed-ff-3-clay-5\/#primaryimage"},"thumbnailUrl":"https:\/\/15131.p.syniva.es\/wp-content\/uploads\/2024\/11\/112839_zapatillas_asics_solution_speed_ff_3_clay_1042a248_102_mujer_1500x1500_1_c722.webp","datePublished":"2024-11-28T19:30:12+00:00","dateModified":"2026-04-08T07:58:13+00:00","description":"Las zapatillas de p\u00e1del para mujer Asics Solution Speed FF 3 Clay en blanco y naranja est\u00e1n especialmente dise\u00f1adas para ofrecer un rendimiento superior en pistas de tierra batida y p\u00e1del, proporcionando una excelente amortiguaci\u00f3n y m\u00e1xima reactividad en todo momento. Cuentan con soporte adicional gracias a las inserciones laterales de TPU termoselladas, que mantienen el pie firme y bien posicionado.","breadcrumb":{"@id":"https:\/\/15131.p.syniva.es\/pt-pt\/produto\/asics-solution-speed-ff-3-clay-5\/#breadcrumb"},"inLanguage":"pt-PT","potentialAction":[{"@type":"ReadAction","target":["https:\/\/15131.p.syniva.es\/pt-pt\/produto\/asics-solution-speed-ff-3-clay-5\/"]}]},{"@type":"ImageObject","inLanguage":"pt-PT","@id":"https:\/\/15131.p.syniva.es\/pt-pt\/produto\/asics-solution-speed-ff-3-clay-5\/#primaryimage","url":"https:\/\/15131.p.syniva.es\/wp-content\/uploads\/2024\/11\/112839_zapatillas_asics_solution_speed_ff_3_clay_1042a248_102_mujer_1500x1500_1_c722.webp","contentUrl":"https:\/\/15131.p.syniva.es\/wp-content\/uploads\/2024\/11\/112839_zapatillas_asics_solution_speed_ff_3_clay_1042a248_102_mujer_1500x1500_1_c722.webp","width":1500,"height":1500},{"@type":"BreadcrumbList","@id":"https:\/\/15131.p.syniva.es\/pt-pt\/produto\/asics-solution-speed-ff-3-clay-5\/#breadcrumb","itemListElement":[{"@type":"ListItem","position":1,"name":"Portada","item":"https:\/\/15131.p.syniva.es\/pt-pt\/"},{"@type":"ListItem","position":2,"name":"Tienda","item":"https:\/\/15131.p.syniva.es\/pt-pt\/tienda\/"},{"@type":"ListItem","position":3,"name":"ASICS SOLUTION SPEED FF 3 CLAY"}]},{"@type":"WebSite","@id":"https:\/\/15131.p.syniva.es\/pt-pt\/#website","url":"https:\/\/15131.p.syniva.es\/pt-pt\/","name":"Revolution Padel Store","description":"","publisher":{"@id":"https:\/\/15131.p.syniva.es\/pt-pt\/#organization"},"potentialAction":[{"@type":"SearchAction","target":{"@type":"EntryPoint","urlTemplate":"https:\/\/15131.p.syniva.es\/pt-pt\/?s={search_term_string}"},"query-input":{"@type":"PropertyValueSpecification","valueRequired":true,"valueName":"search_term_string"}}],"inLanguage":"pt-PT"},{"@type":"Organization","@id":"https:\/\/15131.p.syniva.es\/pt-pt\/#organization","name":"Revolution Padel Store","url":"https:\/\/15131.p.syniva.es\/pt-pt\/","logo":{"@type":"ImageObject","inLanguage":"pt-PT","@id":"https:\/\/15131.p.syniva.es\/pt-pt\/#\/schema\/logo\/image\/","url":"https:\/\/15131.p.syniva.es\/wp-content\/uploads\/2026\/02\/revolution-padel-store.jpg","contentUrl":"https:\/\/15131.p.syniva.es\/wp-content\/uploads\/2026\/02\/revolution-padel-store.jpg","width":2000,"height":2000,"caption":"Revolution Padel Store"},"image":{"@id":"https:\/\/15131.p.syniva.es\/pt-pt\/#\/schema\/logo\/image\/"},"sameAs":["https:\/\/www.instagram.com\/revolutionpadelstore\/"]}]}},"_links":{"self":[{"href":"https:\/\/15131.p.syniva.es\/pt-pt\/wp-json\/wp\/v2\/product\/129886","targetHints":{"allow":["GET"]}}],"collection":[{"href":"https:\/\/15131.p.syniva.es\/pt-pt\/wp-json\/wp\/v2\/product"}],"about":[{"href":"https:\/\/15131.p.syniva.es\/pt-pt\/wp-json\/wp\/v2\/types\/product"}],"replies":[{"embeddable":true,"href":"https:\/\/15131.p.syniva.es\/pt-pt\/wp-json\/wp\/v2\/comments?post=129886"}],"wp:featuredmedia":[{"embeddable":true,"href":"https:\/\/15131.p.syniva.es\/pt-pt\/wp-json\/wp\/v2\/media\/129832"}],"wp:attachment":[{"href":"https:\/\/15131.p.syniva.es\/pt-pt\/wp-json\/wp\/v2\/media?parent=129886"}],"wp:term":[{"taxonomy":"acabado","embeddable":true,"href":"https:\/\/15131.p.syniva.es\/pt-pt\/wp-json\/wp\/v2\/acabado?post=129886"},{"taxonomy":"balance","embeddable":true,"href":"https:\/\/15131.p.syniva.es\/pt-pt\/wp-json\/wp\/v2\/balance?post=129886"},{"taxonomy":"dureza","embeddable":true,"href":"https:\/\/15131.p.syniva.es\/pt-pt\/wp-json\/wp\/v2\/dureza?post=129886"},{"taxonomy":"forma","embeddable":true,"href":"https:\/\/15131.p.syniva.es\/pt-pt\/wp-json\/wp\/v2\/forma?post=129886"},{"taxonomy":"jugador","embeddable":true,"href":"https:\/\/15131.p.syniva.es\/pt-pt\/wp-json\/wp\/v2\/jugador?post=129886"},{"taxonomy":"marca","embeddable":true,"href":"https:\/\/15131.p.syniva.es\/pt-pt\/wp-json\/wp\/v2\/marca?post=129886"},{"taxonomy":"nivel-de-juego","embeddable":true,"href":"https:\/\/15131.p.syniva.es\/pt-pt\/wp-json\/wp\/v2\/nivel-de-juego?post=129886"},{"taxonomy":"superficie","embeddable":true,"href":"https:\/\/15131.p.syniva.es\/pt-pt\/wp-json\/wp\/v2\/superficie?post=129886"},{"taxonomy":"tipo-de-juego","embeddable":true,"href":"https:\/\/15131.p.syniva.es\/pt-pt\/wp-json\/wp\/v2\/tipo-de-juego?post=129886"},{"taxonomy":"product_brand","embeddable":true,"href":"https:\/\/15131.p.syniva.es\/pt-pt\/wp-json\/wp\/v2\/product_brand?post=129886"},{"taxonomy":"product_cat","embeddable":true,"href":"https:\/\/15131.p.syniva.es\/pt-pt\/wp-json\/wp\/v2\/product_cat?post=129886"},{"taxonomy":"product_tag","embeddable":true,"href":"https:\/\/15131.p.syniva.es\/pt-pt\/wp-json\/wp\/v2\/product_tag?post=129886"}],"curies":[{"name":"wp","href":"https:\/\/api.w.org\/{rel}","templated":true}]}}