{"id":154628,"date":"2024-12-08T10:49:51","date_gmt":"2024-12-08T09:49:51","guid":{"rendered":"https:\/\/15131.p.syniva.es\/adidas-adipower-carbon-ctrl-2025\/"},"modified":"2026-04-08T09:40:16","modified_gmt":"2026-04-08T07:40:16","slug":"adidas-adipower-carbon-ctrl-2025-5","status":"publish","type":"product","link":"https:\/\/15131.p.syniva.es\/pt-pt\/produto\/adidas-adipower-carbon-ctrl-2025-5\/","title":{"rendered":"ADIDAS ADIPOWER CARBON CTRL 2025"},"content":{"rendered":"<p><H2> <strong> Adidas AdiPower Carbon Ctrl 2025: A p\u00e1 perfeita para controle e precis\u00e3o <\/strong> <\/h2>\n<p>O <strong> Adidas AdiPower Carbon Ctrl 2025 <\/strong> \u00e9 uma p\u00e1 de paddle de formato redonda, projetada para aqueles que buscam controle superior sem sacrificar o poder ou durabilidade. Este modelo combina tecnologias avan\u00e7adas da Adidas com um design elegante em preto, prata e branco, refletindo qualidade e profissionalismo. Perfeito para jogadores que desejam precis\u00e3o e estabilidade em cada golpe.<br \/>\n<H2> <strong> Paddle Blade para jogadores avan\u00e7ados <\/strong> <\/h2>\n<p>Especialmente criado para jogadores de alto n\u00edvel, o <strong> adiprower carbon Ctrl 2025 <\/strong> \u00e9 otimizado para uso intensivo. Seu formato redondo concentra o peso na ader\u00eancia, melhorando a manobrabilidade e permitindo movimentos \u00e1geis e controlados. \u00c9 ideal para aqueles que priorizam a precis\u00e3o em golpes defensivos e procuram gerar efeitos com o controle total.<br \/>\n<H2> <strong> especifica\u00e7\u00f5es e tecnologias -chave <\/strong> <\/h2>\n<p> <strong> -format: <\/strong> redonda, projetada para maximizar o controle e a precis\u00e3o.<\/p>\n<p> <strong> -peso: <\/strong> entre 360 \u200b\u200be 375 gramas, ideal para jogadores avan\u00e7ados que procuram estabilidade.<\/p>\n<p> <strong> -Nucole: <\/strong> EVA Soft Performance, o que melhora a sa\u00edda da bola e proporciona conforto no impacto.<\/p>\n<p> <strong> -superficie: <\/strong> carbono 18k, que combina resist\u00eancia e pot\u00eancia em cada golpe<br \/>\n<P> <strong> -exoesqueleto dual: <\/strong> refor\u00e7a o quadro e o n\u00facleo, garantindo maior rigidez e estabilidade.<br \/>\n<P> <strong> -Power Ambossse Ridge: <\/strong> refor\u00e7os estrat\u00e9gicos dentro da estrutura que aumentam o poder em golpes ofensivos.<br \/>\n<P> <strong> -spin Blade Mold: <\/strong> Textura 3D para facilitar a gera\u00e7\u00e3o de efeitos<\/p>\n<p> <strong> -Smart Curva: <\/strong> Projeto Otimizado para aumentar o controle e os efeitos.<\/p>\n<p><H2> <strong> dispon\u00edvel na Revolution Padel Store <\/strong> <\/h2>\n<p>O <strong> Adidas AdiPower Carbon Ctrl 2025 <\/strong> \u00e9 a p\u00e1 perfeita para jogadores avan\u00e7ados que desejam levar seu jogo para o pr\u00f3ximo n\u00edvel. Ele combina precis\u00e3o, poder e estado -of -as tecnologias para garantir uma experi\u00eancia de jogo excepcional em cada jogo.<\/p>\n<h2><strong>Adidas Adipower Carbon CTRL 2025: la pala perfecta para el control y precisi\u00f3n<\/strong><\/p>\n","protected":false},"excerpt":{"rendered":"<p>O <strong> Adidas AdiPower Carbon Ctrl 2025 <\/strong> se destaca por fornecer controle excepcional e precis\u00e3o insuficiente, integrando as tecnologias mais avan\u00e7adas. \u00c9 a escolha ideal para jogadores experientes que buscam combinar agilidade, poder e durabilidade em cada movimento.<strong>Adidas Adipower Carbon CTRL 2025<\/strong><\/p>\n","protected":false},"featured_media":153426,"comment_status":"open","ping_status":"closed","template":"","meta":{"_acf_changed":false,"_joinchat":[]},"acabado":[1090],"balance":[1145],"dureza":[1155],"forma":[1180],"jugador":[1190,1200],"marca":[1230],"nivel-de-juego":[1335],"superficie":[],"tipo-de-juego":[1370],"product_brand":[],"product_cat":[300],"product_tag":[],"class_list":{"0":"post-154628","1":"product","2":"type-product","3":"status-publish","4":"has-post-thumbnail","6":"acabado-alivio-3d","7":"balance-baixo","8":"dureza-media-pt-pt","9":"forma-rodada","10":"jugador-homem","11":"jugador-polivalente-pt-pt","12":"marca-adidas-pt-pt","13":"tipo-de-juego-controle","14":"product_cat-palas","16":"first","17":"instock","18":"sale","19":"taxable","20":"shipping-taxable","21":"purchasable","22":"product-type-simple"},"acf":[],"yoast_head":"<!-- This site is optimized with the Yoast SEO plugin v27.4 - https:\/\/yoast.com\/product\/yoast-seo-wordpress\/ -->\n<title>ADIDAS ADIPOWER CARBON CTRL 2025 - Revolution Padel Store<\/title>\n<meta name=\"description\" content=\"La Adidas Adipower Carbon CTRL 2025 es una pala de p\u00e1del de formato redondo, dise\u00f1ada para quienes buscan un control superior sin sacrificar potencia ni durabilidad. Este modelo combina tecnolog\u00edas avanzadas de Adidas con un dise\u00f1o elegante en negro, plata y blanco, reflejando calidad y profesionalismo. Perfecta para jugadores que desean precisi\u00f3n y estabilidad en cada golpe.\" \/>\n<meta name=\"robots\" content=\"index, follow, max-snippet:-1, max-image-preview:large, max-video-preview:-1\" \/>\n<link rel=\"canonical\" href=\"https:\/\/15131.p.syniva.es\/pt-pt\/produto\/adidas-adipower-carbon-ctrl-2025-5\/\" \/>\n<meta property=\"og:locale\" content=\"pt_PT\" \/>\n<meta property=\"og:type\" content=\"article\" \/>\n<meta property=\"og:title\" content=\"ADIDAS ADIPOWER CARBON CTRL 2025 - Revolution Padel Store\" \/>\n<meta property=\"og:description\" content=\"La Adidas Adipower Carbon CTRL 2025 es una pala de p\u00e1del de formato redondo, dise\u00f1ada para quienes buscan un control superior sin sacrificar potencia ni durabilidad. Este modelo combina tecnolog\u00edas avanzadas de Adidas con un dise\u00f1o elegante en negro, plata y blanco, reflejando calidad y profesionalismo. Perfecta para jugadores que desean precisi\u00f3n y estabilidad en cada golpe.\" \/>\n<meta property=\"og:url\" content=\"https:\/\/15131.p.syniva.es\/pt-pt\/produto\/adidas-adipower-carbon-ctrl-2025-5\/\" \/>\n<meta property=\"og:site_name\" content=\"Revolution Padel Store\" \/>\n<meta property=\"article:modified_time\" content=\"2026-04-08T07:40:16+00:00\" \/>\n<meta property=\"og:image\" content=\"https:\/\/15131.p.syniva.es\/wp-content\/uploads\/2024\/12\/113673-pala-adidas-adipower-carbon-ctrl-ar1ca3u381500x1500-1.webp\" \/>\n\t<meta property=\"og:image:width\" content=\"1500\" \/>\n\t<meta property=\"og:image:height\" content=\"1500\" \/>\n\t<meta property=\"og:image:type\" content=\"image\/webp\" \/>\n<meta name=\"twitter:card\" content=\"summary_large_image\" \/>\n<meta name=\"twitter:label1\" content=\"Tempo estimado de leitura\" \/>\n\t<meta name=\"twitter:data1\" content=\"2 minutos\" \/>\n<script type=\"application\/ld+json\" class=\"yoast-schema-graph\">{\"@context\":\"https:\\\/\\\/schema.org\",\"@graph\":[{\"@type\":\"WebPage\",\"@id\":\"https:\\\/\\\/15131.p.syniva.es\\\/pt-pt\\\/produto\\\/adidas-adipower-carbon-ctrl-2025-5\\\/\",\"url\":\"https:\\\/\\\/15131.p.syniva.es\\\/pt-pt\\\/produto\\\/adidas-adipower-carbon-ctrl-2025-5\\\/\",\"name\":\"ADIDAS ADIPOWER CARBON CTRL 2025 - Revolution Padel Store\",\"isPartOf\":{\"@id\":\"https:\\\/\\\/15131.p.syniva.es\\\/pt-pt\\\/#website\"},\"primaryImageOfPage\":{\"@id\":\"https:\\\/\\\/15131.p.syniva.es\\\/pt-pt\\\/produto\\\/adidas-adipower-carbon-ctrl-2025-5\\\/#primaryimage\"},\"image\":{\"@id\":\"https:\\\/\\\/15131.p.syniva.es\\\/pt-pt\\\/produto\\\/adidas-adipower-carbon-ctrl-2025-5\\\/#primaryimage\"},\"thumbnailUrl\":\"https:\\\/\\\/15131.p.syniva.es\\\/wp-content\\\/uploads\\\/2024\\\/12\\\/113673-pala-adidas-adipower-carbon-ctrl-ar1ca3u381500x1500-1.webp\",\"datePublished\":\"2024-12-08T09:49:51+00:00\",\"dateModified\":\"2026-04-08T07:40:16+00:00\",\"description\":\"La Adidas Adipower Carbon CTRL 2025 es una pala de p\u00e1del de formato redondo, dise\u00f1ada para quienes buscan un control superior sin sacrificar potencia ni durabilidad. Este modelo combina tecnolog\u00edas avanzadas de Adidas con un dise\u00f1o elegante en negro, plata y blanco, reflejando calidad y profesionalismo. Perfecta para jugadores que desean precisi\u00f3n y estabilidad en cada golpe.\",\"breadcrumb\":{\"@id\":\"https:\\\/\\\/15131.p.syniva.es\\\/pt-pt\\\/produto\\\/adidas-adipower-carbon-ctrl-2025-5\\\/#breadcrumb\"},\"inLanguage\":\"pt-PT\",\"potentialAction\":[{\"@type\":\"ReadAction\",\"target\":[\"https:\\\/\\\/15131.p.syniva.es\\\/pt-pt\\\/produto\\\/adidas-adipower-carbon-ctrl-2025-5\\\/\"]}]},{\"@type\":\"ImageObject\",\"inLanguage\":\"pt-PT\",\"@id\":\"https:\\\/\\\/15131.p.syniva.es\\\/pt-pt\\\/produto\\\/adidas-adipower-carbon-ctrl-2025-5\\\/#primaryimage\",\"url\":\"https:\\\/\\\/15131.p.syniva.es\\\/wp-content\\\/uploads\\\/2024\\\/12\\\/113673-pala-adidas-adipower-carbon-ctrl-ar1ca3u381500x1500-1.webp\",\"contentUrl\":\"https:\\\/\\\/15131.p.syniva.es\\\/wp-content\\\/uploads\\\/2024\\\/12\\\/113673-pala-adidas-adipower-carbon-ctrl-ar1ca3u381500x1500-1.webp\",\"width\":1500,\"height\":1500},{\"@type\":\"BreadcrumbList\",\"@id\":\"https:\\\/\\\/15131.p.syniva.es\\\/pt-pt\\\/produto\\\/adidas-adipower-carbon-ctrl-2025-5\\\/#breadcrumb\",\"itemListElement\":[{\"@type\":\"ListItem\",\"position\":1,\"name\":\"Portada\",\"item\":\"https:\\\/\\\/15131.p.syniva.es\\\/pt-pt\\\/\"},{\"@type\":\"ListItem\",\"position\":2,\"name\":\"Tienda\",\"item\":\"https:\\\/\\\/15131.p.syniva.es\\\/pt-pt\\\/tienda\\\/\"},{\"@type\":\"ListItem\",\"position\":3,\"name\":\"ADIDAS ADIPOWER CARBON CTRL 2025\"}]},{\"@type\":\"WebSite\",\"@id\":\"https:\\\/\\\/15131.p.syniva.es\\\/pt-pt\\\/#website\",\"url\":\"https:\\\/\\\/15131.p.syniva.es\\\/pt-pt\\\/\",\"name\":\"Revolution Padel Store\",\"description\":\"\",\"publisher\":{\"@id\":\"https:\\\/\\\/15131.p.syniva.es\\\/pt-pt\\\/#organization\"},\"potentialAction\":[{\"@type\":\"SearchAction\",\"target\":{\"@type\":\"EntryPoint\",\"urlTemplate\":\"https:\\\/\\\/15131.p.syniva.es\\\/pt-pt\\\/?s={search_term_string}\"},\"query-input\":{\"@type\":\"PropertyValueSpecification\",\"valueRequired\":true,\"valueName\":\"search_term_string\"}}],\"inLanguage\":\"pt-PT\"},{\"@type\":\"Organization\",\"@id\":\"https:\\\/\\\/15131.p.syniva.es\\\/pt-pt\\\/#organization\",\"name\":\"Revolution Padel Store\",\"url\":\"https:\\\/\\\/15131.p.syniva.es\\\/pt-pt\\\/\",\"logo\":{\"@type\":\"ImageObject\",\"inLanguage\":\"pt-PT\",\"@id\":\"https:\\\/\\\/15131.p.syniva.es\\\/pt-pt\\\/#\\\/schema\\\/logo\\\/image\\\/\",\"url\":\"https:\\\/\\\/15131.p.syniva.es\\\/wp-content\\\/uploads\\\/2026\\\/02\\\/revolution-padel-store.jpg\",\"contentUrl\":\"https:\\\/\\\/15131.p.syniva.es\\\/wp-content\\\/uploads\\\/2026\\\/02\\\/revolution-padel-store.jpg\",\"width\":2000,\"height\":2000,\"caption\":\"Revolution Padel Store\"},\"image\":{\"@id\":\"https:\\\/\\\/15131.p.syniva.es\\\/pt-pt\\\/#\\\/schema\\\/logo\\\/image\\\/\"},\"sameAs\":[\"https:\\\/\\\/www.instagram.com\\\/revolutionpadelstore\\\/\"]}]}<\/script>\n<!-- \/ Yoast SEO plugin. -->","yoast_head_json":{"title":"ADIDAS ADIPOWER CARBON CTRL 2025 - Revolution Padel Store","description":"La Adidas Adipower Carbon CTRL 2025 es una pala de p\u00e1del de formato redondo, dise\u00f1ada para quienes buscan un control superior sin sacrificar potencia ni durabilidad. Este modelo combina tecnolog\u00edas avanzadas de Adidas con un dise\u00f1o elegante en negro, plata y blanco, reflejando calidad y profesionalismo. Perfecta para jugadores que desean precisi\u00f3n y estabilidad en cada golpe.","robots":{"index":"index","follow":"follow","max-snippet":"max-snippet:-1","max-image-preview":"max-image-preview:large","max-video-preview":"max-video-preview:-1"},"canonical":"https:\/\/15131.p.syniva.es\/pt-pt\/produto\/adidas-adipower-carbon-ctrl-2025-5\/","og_locale":"pt_PT","og_type":"article","og_title":"ADIDAS ADIPOWER CARBON CTRL 2025 - Revolution Padel Store","og_description":"La Adidas Adipower Carbon CTRL 2025 es una pala de p\u00e1del de formato redondo, dise\u00f1ada para quienes buscan un control superior sin sacrificar potencia ni durabilidad. Este modelo combina tecnolog\u00edas avanzadas de Adidas con un dise\u00f1o elegante en negro, plata y blanco, reflejando calidad y profesionalismo. Perfecta para jugadores que desean precisi\u00f3n y estabilidad en cada golpe.","og_url":"https:\/\/15131.p.syniva.es\/pt-pt\/produto\/adidas-adipower-carbon-ctrl-2025-5\/","og_site_name":"Revolution Padel Store","article_modified_time":"2026-04-08T07:40:16+00:00","og_image":[{"width":1500,"height":1500,"url":"https:\/\/15131.p.syniva.es\/wp-content\/uploads\/2024\/12\/113673-pala-adidas-adipower-carbon-ctrl-ar1ca3u381500x1500-1.webp","type":"image\/webp"}],"twitter_card":"summary_large_image","twitter_misc":{"Tempo estimado de leitura":"2 minutos"},"schema":{"@context":"https:\/\/schema.org","@graph":[{"@type":"WebPage","@id":"https:\/\/15131.p.syniva.es\/pt-pt\/produto\/adidas-adipower-carbon-ctrl-2025-5\/","url":"https:\/\/15131.p.syniva.es\/pt-pt\/produto\/adidas-adipower-carbon-ctrl-2025-5\/","name":"ADIDAS ADIPOWER CARBON CTRL 2025 - Revolution Padel Store","isPartOf":{"@id":"https:\/\/15131.p.syniva.es\/pt-pt\/#website"},"primaryImageOfPage":{"@id":"https:\/\/15131.p.syniva.es\/pt-pt\/produto\/adidas-adipower-carbon-ctrl-2025-5\/#primaryimage"},"image":{"@id":"https:\/\/15131.p.syniva.es\/pt-pt\/produto\/adidas-adipower-carbon-ctrl-2025-5\/#primaryimage"},"thumbnailUrl":"https:\/\/15131.p.syniva.es\/wp-content\/uploads\/2024\/12\/113673-pala-adidas-adipower-carbon-ctrl-ar1ca3u381500x1500-1.webp","datePublished":"2024-12-08T09:49:51+00:00","dateModified":"2026-04-08T07:40:16+00:00","description":"La Adidas Adipower Carbon CTRL 2025 es una pala de p\u00e1del de formato redondo, dise\u00f1ada para quienes buscan un control superior sin sacrificar potencia ni durabilidad. Este modelo combina tecnolog\u00edas avanzadas de Adidas con un dise\u00f1o elegante en negro, plata y blanco, reflejando calidad y profesionalismo. Perfecta para jugadores que desean precisi\u00f3n y estabilidad en cada golpe.","breadcrumb":{"@id":"https:\/\/15131.p.syniva.es\/pt-pt\/produto\/adidas-adipower-carbon-ctrl-2025-5\/#breadcrumb"},"inLanguage":"pt-PT","potentialAction":[{"@type":"ReadAction","target":["https:\/\/15131.p.syniva.es\/pt-pt\/produto\/adidas-adipower-carbon-ctrl-2025-5\/"]}]},{"@type":"ImageObject","inLanguage":"pt-PT","@id":"https:\/\/15131.p.syniva.es\/pt-pt\/produto\/adidas-adipower-carbon-ctrl-2025-5\/#primaryimage","url":"https:\/\/15131.p.syniva.es\/wp-content\/uploads\/2024\/12\/113673-pala-adidas-adipower-carbon-ctrl-ar1ca3u381500x1500-1.webp","contentUrl":"https:\/\/15131.p.syniva.es\/wp-content\/uploads\/2024\/12\/113673-pala-adidas-adipower-carbon-ctrl-ar1ca3u381500x1500-1.webp","width":1500,"height":1500},{"@type":"BreadcrumbList","@id":"https:\/\/15131.p.syniva.es\/pt-pt\/produto\/adidas-adipower-carbon-ctrl-2025-5\/#breadcrumb","itemListElement":[{"@type":"ListItem","position":1,"name":"Portada","item":"https:\/\/15131.p.syniva.es\/pt-pt\/"},{"@type":"ListItem","position":2,"name":"Tienda","item":"https:\/\/15131.p.syniva.es\/pt-pt\/tienda\/"},{"@type":"ListItem","position":3,"name":"ADIDAS ADIPOWER CARBON CTRL 2025"}]},{"@type":"WebSite","@id":"https:\/\/15131.p.syniva.es\/pt-pt\/#website","url":"https:\/\/15131.p.syniva.es\/pt-pt\/","name":"Revolution Padel Store","description":"","publisher":{"@id":"https:\/\/15131.p.syniva.es\/pt-pt\/#organization"},"potentialAction":[{"@type":"SearchAction","target":{"@type":"EntryPoint","urlTemplate":"https:\/\/15131.p.syniva.es\/pt-pt\/?s={search_term_string}"},"query-input":{"@type":"PropertyValueSpecification","valueRequired":true,"valueName":"search_term_string"}}],"inLanguage":"pt-PT"},{"@type":"Organization","@id":"https:\/\/15131.p.syniva.es\/pt-pt\/#organization","name":"Revolution Padel Store","url":"https:\/\/15131.p.syniva.es\/pt-pt\/","logo":{"@type":"ImageObject","inLanguage":"pt-PT","@id":"https:\/\/15131.p.syniva.es\/pt-pt\/#\/schema\/logo\/image\/","url":"https:\/\/15131.p.syniva.es\/wp-content\/uploads\/2026\/02\/revolution-padel-store.jpg","contentUrl":"https:\/\/15131.p.syniva.es\/wp-content\/uploads\/2026\/02\/revolution-padel-store.jpg","width":2000,"height":2000,"caption":"Revolution Padel Store"},"image":{"@id":"https:\/\/15131.p.syniva.es\/pt-pt\/#\/schema\/logo\/image\/"},"sameAs":["https:\/\/www.instagram.com\/revolutionpadelstore\/"]}]}},"_links":{"self":[{"href":"https:\/\/15131.p.syniva.es\/pt-pt\/wp-json\/wp\/v2\/product\/154628","targetHints":{"allow":["GET"]}}],"collection":[{"href":"https:\/\/15131.p.syniva.es\/pt-pt\/wp-json\/wp\/v2\/product"}],"about":[{"href":"https:\/\/15131.p.syniva.es\/pt-pt\/wp-json\/wp\/v2\/types\/product"}],"replies":[{"embeddable":true,"href":"https:\/\/15131.p.syniva.es\/pt-pt\/wp-json\/wp\/v2\/comments?post=154628"}],"wp:featuredmedia":[{"embeddable":true,"href":"https:\/\/15131.p.syniva.es\/pt-pt\/wp-json\/wp\/v2\/media\/153426"}],"wp:attachment":[{"href":"https:\/\/15131.p.syniva.es\/pt-pt\/wp-json\/wp\/v2\/media?parent=154628"}],"wp:term":[{"taxonomy":"acabado","embeddable":true,"href":"https:\/\/15131.p.syniva.es\/pt-pt\/wp-json\/wp\/v2\/acabado?post=154628"},{"taxonomy":"balance","embeddable":true,"href":"https:\/\/15131.p.syniva.es\/pt-pt\/wp-json\/wp\/v2\/balance?post=154628"},{"taxonomy":"dureza","embeddable":true,"href":"https:\/\/15131.p.syniva.es\/pt-pt\/wp-json\/wp\/v2\/dureza?post=154628"},{"taxonomy":"forma","embeddable":true,"href":"https:\/\/15131.p.syniva.es\/pt-pt\/wp-json\/wp\/v2\/forma?post=154628"},{"taxonomy":"jugador","embeddable":true,"href":"https:\/\/15131.p.syniva.es\/pt-pt\/wp-json\/wp\/v2\/jugador?post=154628"},{"taxonomy":"marca","embeddable":true,"href":"https:\/\/15131.p.syniva.es\/pt-pt\/wp-json\/wp\/v2\/marca?post=154628"},{"taxonomy":"nivel-de-juego","embeddable":true,"href":"https:\/\/15131.p.syniva.es\/pt-pt\/wp-json\/wp\/v2\/nivel-de-juego?post=154628"},{"taxonomy":"superficie","embeddable":true,"href":"https:\/\/15131.p.syniva.es\/pt-pt\/wp-json\/wp\/v2\/superficie?post=154628"},{"taxonomy":"tipo-de-juego","embeddable":true,"href":"https:\/\/15131.p.syniva.es\/pt-pt\/wp-json\/wp\/v2\/tipo-de-juego?post=154628"},{"taxonomy":"product_brand","embeddable":true,"href":"https:\/\/15131.p.syniva.es\/pt-pt\/wp-json\/wp\/v2\/product_brand?post=154628"},{"taxonomy":"product_cat","embeddable":true,"href":"https:\/\/15131.p.syniva.es\/pt-pt\/wp-json\/wp\/v2\/product_cat?post=154628"},{"taxonomy":"product_tag","embeddable":true,"href":"https:\/\/15131.p.syniva.es\/pt-pt\/wp-json\/wp\/v2\/product_tag?post=154628"}],"curies":[{"name":"wp","href":"https:\/\/api.w.org\/{rel}","templated":true}]}}