{"id":19713,"date":"2024-04-10T13:05:17","date_gmt":"2024-04-10T11:05:17","guid":{"rendered":"https:\/\/15131.p.syniva.es\/wilson-bela-lt-v2-5\/"},"modified":"2026-04-08T14:25:45","modified_gmt":"2026-04-08T12:25:45","slug":"wilson-bela-lt-v2-5-5","status":"publish","type":"product","link":"https:\/\/15131.p.syniva.es\/pt-pt\/produto\/wilson-bela-lt-v2-5-5\/","title":{"rendered":"WILSON BELA LT V2.5"},"content":{"rendered":"<p>A raquete de padel mais leve da linha de Fernando Belasteguin, a Bela LT V2.5 oferece desempenho pronto para competi\u00e7\u00e3o em um design infundido com seu DNA de campe\u00e3o.<br \/>\nProjetado para n\u00e3o danificar o bra\u00e7o, o Bela LT combina um n\u00facleo de espuma Soft EVA com uma camada de fibra de carbono tecida no rosto, proporcionando pot\u00eancia amortecida e confort\u00e1vel a cada golpe.<br \/>\nPara melhorar ainda mais a sensa\u00e7\u00e3o e a jogabilidade da raquete de padel, o padr\u00e3o de furos cuidadosamente projetado e o ponto ideal ampliado oferecem respostas consistentes em todo o rosto.<br \/>\nA superf\u00edcie da raquete tamb\u00e9m \u00e9 texturizada para produzir um giro confi\u00e1vel, essencial para jogadores competitivos que buscam vantagem.<br \/>\nE gra\u00e7as ao punho Shock Shield e \u00e0 pulseira integrada, o m\u00e1ximo conforto est\u00e1 ao seu alcance.<br \/>\nOutras melhorias nesta raquete de paddle incluem entalhes adicionais no cabo para proporcionar uma sensa\u00e7\u00e3o de ader\u00eancia confort\u00e1vel e um protetor transparente para prolongar a durabilidade da arma\u00e7\u00e3o e da pintura.<br \/>\nUma camada de fibra de carbono estrategicamente tecida oferece aos jogadores a capacidade de acertar com uma pot\u00eancia impressionante.<br \/>\nOferece uma sensa\u00e7\u00e3o de amortecimento com impressionante absor\u00e7\u00e3o de choque, criando uma combina\u00e7\u00e3o eficaz de conforto e leveza.<br \/>\nSuperf\u00edcie texturizada que mant\u00e9m a bola em contato para melhor giro e excelente sensa\u00e7\u00e3o em cada tacada.<br \/>\nProcesso avan\u00e7ado de perfura\u00e7\u00e3o que produz mais saque a cada tacada.<br \/>\nExclusiva liga de poliuretano e Izo-Zorb que proporciona uma excelente combina\u00e7\u00e3o de ader\u00eancia e amortecimento.<\/p>\n","protected":false},"excerpt":{"rendered":"<p>Sinta a pot\u00eancia e o controle em suas m\u00e3os com a raquete Wilson Bela LT 2.5 2024. Sua face de carbono 3K permite bater com for\u00e7a surpreendente, enquanto a textura Signature Spin Effect lhe d\u00e1 total controle sobre a bola, permitindo que voc\u00ea fa\u00e7a. golpes precisos e cheios de giro.<\/p>\n","protected":false},"featured_media":50202,"comment_status":"open","ping_status":"closed","template":"","meta":{"_acf_changed":false,"_joinchat":[]},"acabado":[1080],"balance":[1135,1140],"dureza":[1155],"forma":[1185],"jugador":[1190,1195,1200],"marca":[1265],"nivel-de-juego":[1335],"superficie":[1365],"tipo-de-juego":[1385],"product_brand":[],"product_cat":[300],"product_tag":[],"class_list":{"0":"post-19713","1":"product","2":"type-product","3":"status-publish","4":"has-post-thumbnail","6":"acabado-brilho","7":"balance-alto-pt-pt","8":"balance-medio-pt-pt","9":"dureza-media-pt-pt","10":"forma-lagrima-pt-pt","11":"jugador-homem","12":"jugador-mulher","13":"jugador-polivalente-pt-pt","14":"marca-wilson-pt-pt","15":"superficie-polivalente-pt-pt","16":"tipo-de-juego-polivalente-pt-pt","17":"product_cat-palas","19":"first","20":"onbackorder","21":"sale","22":"taxable","23":"shipping-taxable","24":"purchasable","25":"product-type-simple"},"acf":[],"yoast_head":"<!-- This site is optimized with the Yoast SEO plugin v27.3 - https:\/\/yoast.com\/product\/yoast-seo-wordpress\/ -->\n<title>WILSON BELA LT V2.5 - Revolution Padel Store<\/title>\n<meta name=\"description\" content=\"Siente la potencia y el control en tus manos con la pala Wilson Bela LT 2.5 2024. Su cara de carbono 3K te permite golpear con una fuerza sorprendente, mientras que la textura Signature Spin Effect te da un control total sobre la pelota, permiti\u00e9ndote realizar golpes precisos y llenos de efecto.\" \/>\n<meta name=\"robots\" content=\"index, follow, max-snippet:-1, max-image-preview:large, max-video-preview:-1\" \/>\n<link rel=\"canonical\" href=\"https:\/\/15131.p.syniva.es\/pt-pt\/produto\/wilson-bela-lt-v2-5-5\/\" \/>\n<meta property=\"og:locale\" content=\"pt_PT\" \/>\n<meta property=\"og:type\" content=\"article\" \/>\n<meta property=\"og:title\" content=\"COMPRAR WILSON BELA LT V2.5\" \/>\n<meta property=\"og:description\" content=\"Siente la potencia y el control en tus manos con la pala Wilson Bela LT 2.5 2024. Su cara de carbono 3K te permite golpear con una fuerza sorprendente, mientras que la textura Signature Spin Effect te da un control total sobre la pelota, permiti\u00e9ndote realizar golpes precisos y llenos de efecto.\" \/>\n<meta property=\"og:url\" content=\"https:\/\/15131.p.syniva.es\/pt-pt\/produto\/wilson-bela-lt-v2-5-5\/\" \/>\n<meta property=\"og:site_name\" content=\"Revolution Padel Store\" \/>\n<meta property=\"article:modified_time\" content=\"2026-04-08T12:25:45+00:00\" \/>\n<meta property=\"og:image\" content=\"https:\/\/15131.p.syniva.es\/wp-content\/uploads\/2024\/04\/pala-wilson-bela-lt-v2-5-1-800x800-1.webp\" \/>\n\t<meta property=\"og:image:width\" content=\"800\" \/>\n\t<meta property=\"og:image:height\" content=\"800\" \/>\n\t<meta property=\"og:image:type\" content=\"image\/webp\" \/>\n<meta name=\"twitter:card\" content=\"summary_large_image\" \/>\n<meta name=\"twitter:label1\" content=\"Tempo estimado de leitura\" \/>\n\t<meta name=\"twitter:data1\" content=\"2 minutos\" \/>\n<script type=\"application\/ld+json\" class=\"yoast-schema-graph\">{\"@context\":\"https:\\\/\\\/schema.org\",\"@graph\":[{\"@type\":\"WebPage\",\"@id\":\"https:\\\/\\\/15131.p.syniva.es\\\/pt-pt\\\/produto\\\/wilson-bela-lt-v2-5-5\\\/\",\"url\":\"https:\\\/\\\/15131.p.syniva.es\\\/pt-pt\\\/produto\\\/wilson-bela-lt-v2-5-5\\\/\",\"name\":\"WILSON BELA LT V2.5 - Revolution Padel Store\",\"isPartOf\":{\"@id\":\"https:\\\/\\\/15131.p.syniva.es\\\/pt-pt\\\/#website\"},\"primaryImageOfPage\":{\"@id\":\"https:\\\/\\\/15131.p.syniva.es\\\/pt-pt\\\/produto\\\/wilson-bela-lt-v2-5-5\\\/#primaryimage\"},\"image\":{\"@id\":\"https:\\\/\\\/15131.p.syniva.es\\\/pt-pt\\\/produto\\\/wilson-bela-lt-v2-5-5\\\/#primaryimage\"},\"thumbnailUrl\":\"https:\\\/\\\/15131.p.syniva.es\\\/wp-content\\\/uploads\\\/2024\\\/04\\\/pala-wilson-bela-lt-v2-5-1-800x800-1.webp\",\"datePublished\":\"2024-04-10T11:05:17+00:00\",\"dateModified\":\"2026-04-08T12:25:45+00:00\",\"description\":\"Siente la potencia y el control en tus manos con la pala Wilson Bela LT 2.5 2024. Su cara de carbono 3K te permite golpear con una fuerza sorprendente, mientras que la textura Signature Spin Effect te da un control total sobre la pelota, permiti\u00e9ndote realizar golpes precisos y llenos de efecto.\",\"breadcrumb\":{\"@id\":\"https:\\\/\\\/15131.p.syniva.es\\\/pt-pt\\\/produto\\\/wilson-bela-lt-v2-5-5\\\/#breadcrumb\"},\"inLanguage\":\"pt-PT\",\"potentialAction\":[{\"@type\":\"ReadAction\",\"target\":[\"https:\\\/\\\/15131.p.syniva.es\\\/pt-pt\\\/produto\\\/wilson-bela-lt-v2-5-5\\\/\"]}]},{\"@type\":\"ImageObject\",\"inLanguage\":\"pt-PT\",\"@id\":\"https:\\\/\\\/15131.p.syniva.es\\\/pt-pt\\\/produto\\\/wilson-bela-lt-v2-5-5\\\/#primaryimage\",\"url\":\"https:\\\/\\\/15131.p.syniva.es\\\/wp-content\\\/uploads\\\/2024\\\/04\\\/pala-wilson-bela-lt-v2-5-1-800x800-1.webp\",\"contentUrl\":\"https:\\\/\\\/15131.p.syniva.es\\\/wp-content\\\/uploads\\\/2024\\\/04\\\/pala-wilson-bela-lt-v2-5-1-800x800-1.webp\",\"width\":800,\"height\":800},{\"@type\":\"BreadcrumbList\",\"@id\":\"https:\\\/\\\/15131.p.syniva.es\\\/pt-pt\\\/produto\\\/wilson-bela-lt-v2-5-5\\\/#breadcrumb\",\"itemListElement\":[{\"@type\":\"ListItem\",\"position\":1,\"name\":\"Portada\",\"item\":\"https:\\\/\\\/15131.p.syniva.es\\\/pt-pt\\\/\"},{\"@type\":\"ListItem\",\"position\":2,\"name\":\"Tienda\",\"item\":\"https:\\\/\\\/15131.p.syniva.es\\\/pt-pt\\\/tienda\\\/\"},{\"@type\":\"ListItem\",\"position\":3,\"name\":\"WILSON BELA LT V2.5\"}]},{\"@type\":\"WebSite\",\"@id\":\"https:\\\/\\\/15131.p.syniva.es\\\/pt-pt\\\/#website\",\"url\":\"https:\\\/\\\/15131.p.syniva.es\\\/pt-pt\\\/\",\"name\":\"Revolution Padel Store\",\"description\":\"\",\"publisher\":{\"@id\":\"https:\\\/\\\/15131.p.syniva.es\\\/pt-pt\\\/#organization\"},\"potentialAction\":[{\"@type\":\"SearchAction\",\"target\":{\"@type\":\"EntryPoint\",\"urlTemplate\":\"https:\\\/\\\/15131.p.syniva.es\\\/pt-pt\\\/?s={search_term_string}\"},\"query-input\":{\"@type\":\"PropertyValueSpecification\",\"valueRequired\":true,\"valueName\":\"search_term_string\"}}],\"inLanguage\":\"pt-PT\"},{\"@type\":\"Organization\",\"@id\":\"https:\\\/\\\/15131.p.syniva.es\\\/pt-pt\\\/#organization\",\"name\":\"Revolution Padel Store\",\"url\":\"https:\\\/\\\/15131.p.syniva.es\\\/pt-pt\\\/\",\"logo\":{\"@type\":\"ImageObject\",\"inLanguage\":\"pt-PT\",\"@id\":\"https:\\\/\\\/15131.p.syniva.es\\\/pt-pt\\\/#\\\/schema\\\/logo\\\/image\\\/\",\"url\":\"https:\\\/\\\/15131.p.syniva.es\\\/wp-content\\\/uploads\\\/2026\\\/02\\\/revolution-padel-store.jpg\",\"contentUrl\":\"https:\\\/\\\/15131.p.syniva.es\\\/wp-content\\\/uploads\\\/2026\\\/02\\\/revolution-padel-store.jpg\",\"width\":2000,\"height\":2000,\"caption\":\"Revolution Padel Store\"},\"image\":{\"@id\":\"https:\\\/\\\/15131.p.syniva.es\\\/pt-pt\\\/#\\\/schema\\\/logo\\\/image\\\/\"},\"sameAs\":[\"https:\\\/\\\/www.instagram.com\\\/revolutionpadelstore\\\/\"]}]}<\/script>\n<!-- \/ Yoast SEO plugin. -->","yoast_head_json":{"title":"WILSON BELA LT V2.5 - Revolution Padel Store","description":"Siente la potencia y el control en tus manos con la pala Wilson Bela LT 2.5 2024. Su cara de carbono 3K te permite golpear con una fuerza sorprendente, mientras que la textura Signature Spin Effect te da un control total sobre la pelota, permiti\u00e9ndote realizar golpes precisos y llenos de efecto.","robots":{"index":"index","follow":"follow","max-snippet":"max-snippet:-1","max-image-preview":"max-image-preview:large","max-video-preview":"max-video-preview:-1"},"canonical":"https:\/\/15131.p.syniva.es\/pt-pt\/produto\/wilson-bela-lt-v2-5-5\/","og_locale":"pt_PT","og_type":"article","og_title":"COMPRAR WILSON BELA LT V2.5","og_description":"Siente la potencia y el control en tus manos con la pala Wilson Bela LT 2.5 2024. Su cara de carbono 3K te permite golpear con una fuerza sorprendente, mientras que la textura Signature Spin Effect te da un control total sobre la pelota, permiti\u00e9ndote realizar golpes precisos y llenos de efecto.","og_url":"https:\/\/15131.p.syniva.es\/pt-pt\/produto\/wilson-bela-lt-v2-5-5\/","og_site_name":"Revolution Padel Store","article_modified_time":"2026-04-08T12:25:45+00:00","og_image":[{"width":800,"height":800,"url":"https:\/\/15131.p.syniva.es\/wp-content\/uploads\/2024\/04\/pala-wilson-bela-lt-v2-5-1-800x800-1.webp","type":"image\/webp"}],"twitter_card":"summary_large_image","twitter_misc":{"Tempo estimado de leitura":"2 minutos"},"schema":{"@context":"https:\/\/schema.org","@graph":[{"@type":"WebPage","@id":"https:\/\/15131.p.syniva.es\/pt-pt\/produto\/wilson-bela-lt-v2-5-5\/","url":"https:\/\/15131.p.syniva.es\/pt-pt\/produto\/wilson-bela-lt-v2-5-5\/","name":"WILSON BELA LT V2.5 - Revolution Padel Store","isPartOf":{"@id":"https:\/\/15131.p.syniva.es\/pt-pt\/#website"},"primaryImageOfPage":{"@id":"https:\/\/15131.p.syniva.es\/pt-pt\/produto\/wilson-bela-lt-v2-5-5\/#primaryimage"},"image":{"@id":"https:\/\/15131.p.syniva.es\/pt-pt\/produto\/wilson-bela-lt-v2-5-5\/#primaryimage"},"thumbnailUrl":"https:\/\/15131.p.syniva.es\/wp-content\/uploads\/2024\/04\/pala-wilson-bela-lt-v2-5-1-800x800-1.webp","datePublished":"2024-04-10T11:05:17+00:00","dateModified":"2026-04-08T12:25:45+00:00","description":"Siente la potencia y el control en tus manos con la pala Wilson Bela LT 2.5 2024. Su cara de carbono 3K te permite golpear con una fuerza sorprendente, mientras que la textura Signature Spin Effect te da un control total sobre la pelota, permiti\u00e9ndote realizar golpes precisos y llenos de efecto.","breadcrumb":{"@id":"https:\/\/15131.p.syniva.es\/pt-pt\/produto\/wilson-bela-lt-v2-5-5\/#breadcrumb"},"inLanguage":"pt-PT","potentialAction":[{"@type":"ReadAction","target":["https:\/\/15131.p.syniva.es\/pt-pt\/produto\/wilson-bela-lt-v2-5-5\/"]}]},{"@type":"ImageObject","inLanguage":"pt-PT","@id":"https:\/\/15131.p.syniva.es\/pt-pt\/produto\/wilson-bela-lt-v2-5-5\/#primaryimage","url":"https:\/\/15131.p.syniva.es\/wp-content\/uploads\/2024\/04\/pala-wilson-bela-lt-v2-5-1-800x800-1.webp","contentUrl":"https:\/\/15131.p.syniva.es\/wp-content\/uploads\/2024\/04\/pala-wilson-bela-lt-v2-5-1-800x800-1.webp","width":800,"height":800},{"@type":"BreadcrumbList","@id":"https:\/\/15131.p.syniva.es\/pt-pt\/produto\/wilson-bela-lt-v2-5-5\/#breadcrumb","itemListElement":[{"@type":"ListItem","position":1,"name":"Portada","item":"https:\/\/15131.p.syniva.es\/pt-pt\/"},{"@type":"ListItem","position":2,"name":"Tienda","item":"https:\/\/15131.p.syniva.es\/pt-pt\/tienda\/"},{"@type":"ListItem","position":3,"name":"WILSON BELA LT V2.5"}]},{"@type":"WebSite","@id":"https:\/\/15131.p.syniva.es\/pt-pt\/#website","url":"https:\/\/15131.p.syniva.es\/pt-pt\/","name":"Revolution Padel Store","description":"","publisher":{"@id":"https:\/\/15131.p.syniva.es\/pt-pt\/#organization"},"potentialAction":[{"@type":"SearchAction","target":{"@type":"EntryPoint","urlTemplate":"https:\/\/15131.p.syniva.es\/pt-pt\/?s={search_term_string}"},"query-input":{"@type":"PropertyValueSpecification","valueRequired":true,"valueName":"search_term_string"}}],"inLanguage":"pt-PT"},{"@type":"Organization","@id":"https:\/\/15131.p.syniva.es\/pt-pt\/#organization","name":"Revolution Padel Store","url":"https:\/\/15131.p.syniva.es\/pt-pt\/","logo":{"@type":"ImageObject","inLanguage":"pt-PT","@id":"https:\/\/15131.p.syniva.es\/pt-pt\/#\/schema\/logo\/image\/","url":"https:\/\/15131.p.syniva.es\/wp-content\/uploads\/2026\/02\/revolution-padel-store.jpg","contentUrl":"https:\/\/15131.p.syniva.es\/wp-content\/uploads\/2026\/02\/revolution-padel-store.jpg","width":2000,"height":2000,"caption":"Revolution Padel Store"},"image":{"@id":"https:\/\/15131.p.syniva.es\/pt-pt\/#\/schema\/logo\/image\/"},"sameAs":["https:\/\/www.instagram.com\/revolutionpadelstore\/"]}]}},"_links":{"self":[{"href":"https:\/\/15131.p.syniva.es\/pt-pt\/wp-json\/wp\/v2\/product\/19713","targetHints":{"allow":["GET"]}}],"collection":[{"href":"https:\/\/15131.p.syniva.es\/pt-pt\/wp-json\/wp\/v2\/product"}],"about":[{"href":"https:\/\/15131.p.syniva.es\/pt-pt\/wp-json\/wp\/v2\/types\/product"}],"replies":[{"embeddable":true,"href":"https:\/\/15131.p.syniva.es\/pt-pt\/wp-json\/wp\/v2\/comments?post=19713"}],"wp:featuredmedia":[{"embeddable":true,"href":"https:\/\/15131.p.syniva.es\/pt-pt\/wp-json\/wp\/v2\/media\/50202"}],"wp:attachment":[{"href":"https:\/\/15131.p.syniva.es\/pt-pt\/wp-json\/wp\/v2\/media?parent=19713"}],"wp:term":[{"taxonomy":"acabado","embeddable":true,"href":"https:\/\/15131.p.syniva.es\/pt-pt\/wp-json\/wp\/v2\/acabado?post=19713"},{"taxonomy":"balance","embeddable":true,"href":"https:\/\/15131.p.syniva.es\/pt-pt\/wp-json\/wp\/v2\/balance?post=19713"},{"taxonomy":"dureza","embeddable":true,"href":"https:\/\/15131.p.syniva.es\/pt-pt\/wp-json\/wp\/v2\/dureza?post=19713"},{"taxonomy":"forma","embeddable":true,"href":"https:\/\/15131.p.syniva.es\/pt-pt\/wp-json\/wp\/v2\/forma?post=19713"},{"taxonomy":"jugador","embeddable":true,"href":"https:\/\/15131.p.syniva.es\/pt-pt\/wp-json\/wp\/v2\/jugador?post=19713"},{"taxonomy":"marca","embeddable":true,"href":"https:\/\/15131.p.syniva.es\/pt-pt\/wp-json\/wp\/v2\/marca?post=19713"},{"taxonomy":"nivel-de-juego","embeddable":true,"href":"https:\/\/15131.p.syniva.es\/pt-pt\/wp-json\/wp\/v2\/nivel-de-juego?post=19713"},{"taxonomy":"superficie","embeddable":true,"href":"https:\/\/15131.p.syniva.es\/pt-pt\/wp-json\/wp\/v2\/superficie?post=19713"},{"taxonomy":"tipo-de-juego","embeddable":true,"href":"https:\/\/15131.p.syniva.es\/pt-pt\/wp-json\/wp\/v2\/tipo-de-juego?post=19713"},{"taxonomy":"product_brand","embeddable":true,"href":"https:\/\/15131.p.syniva.es\/pt-pt\/wp-json\/wp\/v2\/product_brand?post=19713"},{"taxonomy":"product_cat","embeddable":true,"href":"https:\/\/15131.p.syniva.es\/pt-pt\/wp-json\/wp\/v2\/product_cat?post=19713"},{"taxonomy":"product_tag","embeddable":true,"href":"https:\/\/15131.p.syniva.es\/pt-pt\/wp-json\/wp\/v2\/product_tag?post=19713"}],"curies":[{"name":"wp","href":"https:\/\/api.w.org\/{rel}","templated":true}]}}