{"id":19718,"date":"2024-04-10T08:44:59","date_gmt":"2024-04-10T06:44:59","guid":{"rendered":"https:\/\/15131.p.syniva.es\/wilson-bela-pro-v2-5\/"},"modified":"2026-04-08T14:26:20","modified_gmt":"2026-04-08T12:26:20","slug":"wilson-bela-pro-v2-5","status":"publish","type":"product","link":"https:\/\/15131.p.syniva.es\/pt-pt\/produto\/wilson-bela-pro-v2-5\/","title":{"rendered":"WILSON BELA PRO V2.5"},"content":{"rendered":"<p>Projetada em colabora\u00e7\u00e3o com o ex-n\u00famero 1 mundial Fernando Belasteguin, a Bela Pro V2.5 coloca sua raquete de padel nas m\u00e3os de todos os jogadores que desejam chegar ao topo.<br \/>\nInspirado por sua dedica\u00e7\u00e3o incans\u00e1vel ao esporte e seu desejo insaci\u00e1vel de vencer, o Bela Pro utiliza tecnologia de ponta para oferecer o m\u00e1ximo desempenho, ideal para jogadores avan\u00e7ados que buscam ditar o ponto.<br \/>\nCom um ponto ideal melhorado e uma sensa\u00e7\u00e3o consistente, o quadro \u00e9 integrado com uma espuma EVA firme e Primero Carbon, oferecendo uma poderosa combina\u00e7\u00e3o de pot\u00eancia e capacidade de resposta.<br \/>\nA textura Spin Effect gera rota\u00e7\u00e3o consistente, enquanto o padr\u00e3o de furo cuidadosamente projetado mant\u00e9m uma resposta uniforme em todo o rosto.<br \/>\nOutras melhorias nesta raquete de padel incluem entalhes adicionais no cabo para proporcionar uma sensa\u00e7\u00e3o de ader\u00eancia confort\u00e1vel e um protetor transparente para prolongar a durabilidade da arma\u00e7\u00e3o e da pintura.<br \/>\nFabricado com precis\u00e3o usando uma constru\u00e7\u00e3o tubular de carbono, garantindo espessura tubular uniforme e resultando em maior durabilidade, controle de chute incr\u00edvel e sensa\u00e7\u00e3o superior em toda a raquete.<br \/>\nEle integra carbono premium na estrutura para oferecer uma combina\u00e7\u00e3o de alta pot\u00eancia e resposta r\u00e1pida, aumentando a propuls\u00e3o da face da l\u00e2mina.<br \/>\nProduz golpes limpos e firmes para um lan\u00e7amento de bola mais r\u00e1pido e excelente controle.<br \/>\nSuperf\u00edcie texturizada que mant\u00e9m a bola em contato para melhor giro e excelente sensa\u00e7\u00e3o em cada tacada.<br \/>\nExclusiva liga de poliuretano e Izo-Zorb que proporciona uma excelente combina\u00e7\u00e3o de ader\u00eancia e amortecimento.<\/p>\n","protected":false},"excerpt":{"rendered":"<p>Raquete Wilson Bela Pro V2.5 em formato l\u00e1grima para jogadores de n\u00edvel avan\u00e7ado. No seu interior possui uma espuma EVA capaz de proporcionar pot\u00eancia e excelente capacidade de resposta. A textura Spin Effect gera rota\u00e7\u00e3o consistente, enquanto o padr\u00e3o de furo cuidadosamente projetado mant\u00e9m uma resposta uniforme em todo o rosto. Ele integra carbono premium ao quadro para oferecer uma combina\u00e7\u00e3o de alta pot\u00eancia e resposta r\u00e1pida, aumentando a propuls\u00e3o da face da l\u00e2mina.<\/p>\n","protected":false},"featured_media":50222,"comment_status":"open","ping_status":"closed","template":"","meta":{"_acf_changed":false,"_joinchat":[]},"acabado":[1090,1080],"balance":[1135],"dureza":[1160],"forma":[1185],"jugador":[1190,1200],"marca":[1265],"nivel-de-juego":[1335],"superficie":[1360],"tipo-de-juego":[1380],"product_brand":[],"product_cat":[300],"product_tag":[],"class_list":{"0":"post-19718","1":"product","2":"type-product","3":"status-publish","4":"has-post-thumbnail","6":"acabado-alivio-3d","7":"acabado-brilho","8":"balance-alto-pt-pt","9":"dureza-dura-pt-pt","10":"forma-lagrima-pt-pt","11":"jugador-homem","12":"jugador-polivalente-pt-pt","13":"marca-wilson-pt-pt","14":"superficie-rugosa-pt-pt","15":"tipo-de-juego-ataque-pt-pt","16":"product_cat-palas","18":"first","19":"instock","20":"sale","21":"taxable","22":"shipping-taxable","23":"purchasable","24":"product-type-simple"},"acf":[],"yoast_head":"<!-- This site is optimized with the Yoast SEO plugin v27.3 - https:\/\/yoast.com\/product\/yoast-seo-wordpress\/ -->\n<title>WILSON BELA PRO V2.5 - Revolution Padel Store<\/title>\n<meta name=\"description\" content=\"Pala Wilson Bela Pro V2.5 en formato l\u00e1grima para jugadores de nivel avanzado. En su interior cuenta con una espuma EVA capaz de proporcionar potencia y excelente capacidad de respuesta. La textura Spin Effect genera un spin consistente, mientras que el patr\u00f3n de agujeros cuidadosamente dise\u00f1ado mantiene una respuesta uniforme en toda la cara. Integra carbono premium en el marco para ofrecer una combinaci\u00f3n de gran potencia y una r\u00e1pida capacidad de respuesta, lo que aumenta la propulsi\u00f3n de la cara de la pala.\" \/>\n<meta name=\"robots\" content=\"index, follow, max-snippet:-1, max-image-preview:large, max-video-preview:-1\" \/>\n<link rel=\"canonical\" href=\"https:\/\/15131.p.syniva.es\/pt-pt\/produto\/wilson-bela-pro-v2-5\/\" \/>\n<meta property=\"og:locale\" content=\"pt_PT\" \/>\n<meta property=\"og:type\" content=\"article\" \/>\n<meta property=\"og:title\" content=\"COMPRAR WILSON BELA PRO V2.5\" \/>\n<meta property=\"og:description\" content=\"Pala Wilson Bela Pro V2.5 en formato l\u00e1grima para jugadores de nivel avanzado. En su interior cuenta con una espuma EVA capaz de proporcionar potencia y excelente capacidad de respuesta. La textura Spin Effect genera un spin consistente, mientras que el patr\u00f3n de agujeros cuidadosamente dise\u00f1ado mantiene una respuesta uniforme en toda la cara. Integra carbono premium en el marco para ofrecer una combinaci\u00f3n de gran potencia y una r\u00e1pida capacidad de respuesta, lo que aumenta la propulsi\u00f3n de la cara de la pala.\" \/>\n<meta property=\"og:url\" content=\"https:\/\/15131.p.syniva.es\/pt-pt\/produto\/wilson-bela-pro-v2-5\/\" \/>\n<meta property=\"og:site_name\" content=\"Revolution Padel Store\" \/>\n<meta property=\"article:modified_time\" content=\"2026-04-08T12:26:20+00:00\" \/>\n<meta property=\"og:image\" content=\"https:\/\/15131.p.syniva.es\/wp-content\/uploads\/2024\/04\/pala-wilson-bela-pro-v2-5-1-800x800-1.jpg\" \/>\n\t<meta property=\"og:image:width\" content=\"800\" \/>\n\t<meta property=\"og:image:height\" content=\"800\" \/>\n\t<meta property=\"og:image:type\" content=\"image\/jpeg\" \/>\n<meta name=\"twitter:card\" content=\"summary_large_image\" \/>\n<meta name=\"twitter:label1\" content=\"Tempo estimado de leitura\" \/>\n\t<meta name=\"twitter:data1\" content=\"2 minutos\" \/>\n<script type=\"application\/ld+json\" class=\"yoast-schema-graph\">{\"@context\":\"https:\\\/\\\/schema.org\",\"@graph\":[{\"@type\":\"WebPage\",\"@id\":\"https:\\\/\\\/15131.p.syniva.es\\\/pt-pt\\\/produto\\\/wilson-bela-pro-v2-5\\\/\",\"url\":\"https:\\\/\\\/15131.p.syniva.es\\\/pt-pt\\\/produto\\\/wilson-bela-pro-v2-5\\\/\",\"name\":\"WILSON BELA PRO V2.5 - Revolution Padel Store\",\"isPartOf\":{\"@id\":\"https:\\\/\\\/15131.p.syniva.es\\\/pt-pt\\\/#website\"},\"primaryImageOfPage\":{\"@id\":\"https:\\\/\\\/15131.p.syniva.es\\\/pt-pt\\\/produto\\\/wilson-bela-pro-v2-5\\\/#primaryimage\"},\"image\":{\"@id\":\"https:\\\/\\\/15131.p.syniva.es\\\/pt-pt\\\/produto\\\/wilson-bela-pro-v2-5\\\/#primaryimage\"},\"thumbnailUrl\":\"https:\\\/\\\/15131.p.syniva.es\\\/wp-content\\\/uploads\\\/2024\\\/04\\\/pala-wilson-bela-pro-v2-5-1-800x800-1.jpg\",\"datePublished\":\"2024-04-10T06:44:59+00:00\",\"dateModified\":\"2026-04-08T12:26:20+00:00\",\"description\":\"Pala Wilson Bela Pro V2.5 en formato l\u00e1grima para jugadores de nivel avanzado. En su interior cuenta con una espuma EVA capaz de proporcionar potencia y excelente capacidad de respuesta. La textura Spin Effect genera un spin consistente, mientras que el patr\u00f3n de agujeros cuidadosamente dise\u00f1ado mantiene una respuesta uniforme en toda la cara. Integra carbono premium en el marco para ofrecer una combinaci\u00f3n de gran potencia y una r\u00e1pida capacidad de respuesta, lo que aumenta la propulsi\u00f3n de la cara de la pala.\",\"breadcrumb\":{\"@id\":\"https:\\\/\\\/15131.p.syniva.es\\\/pt-pt\\\/produto\\\/wilson-bela-pro-v2-5\\\/#breadcrumb\"},\"inLanguage\":\"pt-PT\",\"potentialAction\":[{\"@type\":\"ReadAction\",\"target\":[\"https:\\\/\\\/15131.p.syniva.es\\\/pt-pt\\\/produto\\\/wilson-bela-pro-v2-5\\\/\"]}]},{\"@type\":\"ImageObject\",\"inLanguage\":\"pt-PT\",\"@id\":\"https:\\\/\\\/15131.p.syniva.es\\\/pt-pt\\\/produto\\\/wilson-bela-pro-v2-5\\\/#primaryimage\",\"url\":\"https:\\\/\\\/15131.p.syniva.es\\\/wp-content\\\/uploads\\\/2024\\\/04\\\/pala-wilson-bela-pro-v2-5-1-800x800-1.jpg\",\"contentUrl\":\"https:\\\/\\\/15131.p.syniva.es\\\/wp-content\\\/uploads\\\/2024\\\/04\\\/pala-wilson-bela-pro-v2-5-1-800x800-1.jpg\",\"width\":800,\"height\":800},{\"@type\":\"BreadcrumbList\",\"@id\":\"https:\\\/\\\/15131.p.syniva.es\\\/pt-pt\\\/produto\\\/wilson-bela-pro-v2-5\\\/#breadcrumb\",\"itemListElement\":[{\"@type\":\"ListItem\",\"position\":1,\"name\":\"Portada\",\"item\":\"https:\\\/\\\/15131.p.syniva.es\\\/pt-pt\\\/\"},{\"@type\":\"ListItem\",\"position\":2,\"name\":\"Tienda\",\"item\":\"https:\\\/\\\/15131.p.syniva.es\\\/pt-pt\\\/tienda\\\/\"},{\"@type\":\"ListItem\",\"position\":3,\"name\":\"WILSON BELA PRO V2.5\"}]},{\"@type\":\"WebSite\",\"@id\":\"https:\\\/\\\/15131.p.syniva.es\\\/pt-pt\\\/#website\",\"url\":\"https:\\\/\\\/15131.p.syniva.es\\\/pt-pt\\\/\",\"name\":\"Revolution Padel Store\",\"description\":\"\",\"publisher\":{\"@id\":\"https:\\\/\\\/15131.p.syniva.es\\\/pt-pt\\\/#organization\"},\"potentialAction\":[{\"@type\":\"SearchAction\",\"target\":{\"@type\":\"EntryPoint\",\"urlTemplate\":\"https:\\\/\\\/15131.p.syniva.es\\\/pt-pt\\\/?s={search_term_string}\"},\"query-input\":{\"@type\":\"PropertyValueSpecification\",\"valueRequired\":true,\"valueName\":\"search_term_string\"}}],\"inLanguage\":\"pt-PT\"},{\"@type\":\"Organization\",\"@id\":\"https:\\\/\\\/15131.p.syniva.es\\\/pt-pt\\\/#organization\",\"name\":\"Revolution Padel Store\",\"url\":\"https:\\\/\\\/15131.p.syniva.es\\\/pt-pt\\\/\",\"logo\":{\"@type\":\"ImageObject\",\"inLanguage\":\"pt-PT\",\"@id\":\"https:\\\/\\\/15131.p.syniva.es\\\/pt-pt\\\/#\\\/schema\\\/logo\\\/image\\\/\",\"url\":\"https:\\\/\\\/15131.p.syniva.es\\\/wp-content\\\/uploads\\\/2026\\\/02\\\/revolution-padel-store.jpg\",\"contentUrl\":\"https:\\\/\\\/15131.p.syniva.es\\\/wp-content\\\/uploads\\\/2026\\\/02\\\/revolution-padel-store.jpg\",\"width\":2000,\"height\":2000,\"caption\":\"Revolution Padel Store\"},\"image\":{\"@id\":\"https:\\\/\\\/15131.p.syniva.es\\\/pt-pt\\\/#\\\/schema\\\/logo\\\/image\\\/\"},\"sameAs\":[\"https:\\\/\\\/www.instagram.com\\\/revolutionpadelstore\\\/\"]}]}<\/script>\n<!-- \/ Yoast SEO plugin. -->","yoast_head_json":{"title":"WILSON BELA PRO V2.5 - Revolution Padel Store","description":"Pala Wilson Bela Pro V2.5 en formato l\u00e1grima para jugadores de nivel avanzado. En su interior cuenta con una espuma EVA capaz de proporcionar potencia y excelente capacidad de respuesta. La textura Spin Effect genera un spin consistente, mientras que el patr\u00f3n de agujeros cuidadosamente dise\u00f1ado mantiene una respuesta uniforme en toda la cara. Integra carbono premium en el marco para ofrecer una combinaci\u00f3n de gran potencia y una r\u00e1pida capacidad de respuesta, lo que aumenta la propulsi\u00f3n de la cara de la pala.","robots":{"index":"index","follow":"follow","max-snippet":"max-snippet:-1","max-image-preview":"max-image-preview:large","max-video-preview":"max-video-preview:-1"},"canonical":"https:\/\/15131.p.syniva.es\/pt-pt\/produto\/wilson-bela-pro-v2-5\/","og_locale":"pt_PT","og_type":"article","og_title":"COMPRAR WILSON BELA PRO V2.5","og_description":"Pala Wilson Bela Pro V2.5 en formato l\u00e1grima para jugadores de nivel avanzado. En su interior cuenta con una espuma EVA capaz de proporcionar potencia y excelente capacidad de respuesta. La textura Spin Effect genera un spin consistente, mientras que el patr\u00f3n de agujeros cuidadosamente dise\u00f1ado mantiene una respuesta uniforme en toda la cara. Integra carbono premium en el marco para ofrecer una combinaci\u00f3n de gran potencia y una r\u00e1pida capacidad de respuesta, lo que aumenta la propulsi\u00f3n de la cara de la pala.","og_url":"https:\/\/15131.p.syniva.es\/pt-pt\/produto\/wilson-bela-pro-v2-5\/","og_site_name":"Revolution Padel Store","article_modified_time":"2026-04-08T12:26:20+00:00","og_image":[{"width":800,"height":800,"url":"https:\/\/15131.p.syniva.es\/wp-content\/uploads\/2024\/04\/pala-wilson-bela-pro-v2-5-1-800x800-1.jpg","type":"image\/jpeg"}],"twitter_card":"summary_large_image","twitter_misc":{"Tempo estimado de leitura":"2 minutos"},"schema":{"@context":"https:\/\/schema.org","@graph":[{"@type":"WebPage","@id":"https:\/\/15131.p.syniva.es\/pt-pt\/produto\/wilson-bela-pro-v2-5\/","url":"https:\/\/15131.p.syniva.es\/pt-pt\/produto\/wilson-bela-pro-v2-5\/","name":"WILSON BELA PRO V2.5 - Revolution Padel Store","isPartOf":{"@id":"https:\/\/15131.p.syniva.es\/pt-pt\/#website"},"primaryImageOfPage":{"@id":"https:\/\/15131.p.syniva.es\/pt-pt\/produto\/wilson-bela-pro-v2-5\/#primaryimage"},"image":{"@id":"https:\/\/15131.p.syniva.es\/pt-pt\/produto\/wilson-bela-pro-v2-5\/#primaryimage"},"thumbnailUrl":"https:\/\/15131.p.syniva.es\/wp-content\/uploads\/2024\/04\/pala-wilson-bela-pro-v2-5-1-800x800-1.jpg","datePublished":"2024-04-10T06:44:59+00:00","dateModified":"2026-04-08T12:26:20+00:00","description":"Pala Wilson Bela Pro V2.5 en formato l\u00e1grima para jugadores de nivel avanzado. En su interior cuenta con una espuma EVA capaz de proporcionar potencia y excelente capacidad de respuesta. La textura Spin Effect genera un spin consistente, mientras que el patr\u00f3n de agujeros cuidadosamente dise\u00f1ado mantiene una respuesta uniforme en toda la cara. Integra carbono premium en el marco para ofrecer una combinaci\u00f3n de gran potencia y una r\u00e1pida capacidad de respuesta, lo que aumenta la propulsi\u00f3n de la cara de la pala.","breadcrumb":{"@id":"https:\/\/15131.p.syniva.es\/pt-pt\/produto\/wilson-bela-pro-v2-5\/#breadcrumb"},"inLanguage":"pt-PT","potentialAction":[{"@type":"ReadAction","target":["https:\/\/15131.p.syniva.es\/pt-pt\/produto\/wilson-bela-pro-v2-5\/"]}]},{"@type":"ImageObject","inLanguage":"pt-PT","@id":"https:\/\/15131.p.syniva.es\/pt-pt\/produto\/wilson-bela-pro-v2-5\/#primaryimage","url":"https:\/\/15131.p.syniva.es\/wp-content\/uploads\/2024\/04\/pala-wilson-bela-pro-v2-5-1-800x800-1.jpg","contentUrl":"https:\/\/15131.p.syniva.es\/wp-content\/uploads\/2024\/04\/pala-wilson-bela-pro-v2-5-1-800x800-1.jpg","width":800,"height":800},{"@type":"BreadcrumbList","@id":"https:\/\/15131.p.syniva.es\/pt-pt\/produto\/wilson-bela-pro-v2-5\/#breadcrumb","itemListElement":[{"@type":"ListItem","position":1,"name":"Portada","item":"https:\/\/15131.p.syniva.es\/pt-pt\/"},{"@type":"ListItem","position":2,"name":"Tienda","item":"https:\/\/15131.p.syniva.es\/pt-pt\/tienda\/"},{"@type":"ListItem","position":3,"name":"WILSON BELA PRO V2.5"}]},{"@type":"WebSite","@id":"https:\/\/15131.p.syniva.es\/pt-pt\/#website","url":"https:\/\/15131.p.syniva.es\/pt-pt\/","name":"Revolution Padel Store","description":"","publisher":{"@id":"https:\/\/15131.p.syniva.es\/pt-pt\/#organization"},"potentialAction":[{"@type":"SearchAction","target":{"@type":"EntryPoint","urlTemplate":"https:\/\/15131.p.syniva.es\/pt-pt\/?s={search_term_string}"},"query-input":{"@type":"PropertyValueSpecification","valueRequired":true,"valueName":"search_term_string"}}],"inLanguage":"pt-PT"},{"@type":"Organization","@id":"https:\/\/15131.p.syniva.es\/pt-pt\/#organization","name":"Revolution Padel Store","url":"https:\/\/15131.p.syniva.es\/pt-pt\/","logo":{"@type":"ImageObject","inLanguage":"pt-PT","@id":"https:\/\/15131.p.syniva.es\/pt-pt\/#\/schema\/logo\/image\/","url":"https:\/\/15131.p.syniva.es\/wp-content\/uploads\/2026\/02\/revolution-padel-store.jpg","contentUrl":"https:\/\/15131.p.syniva.es\/wp-content\/uploads\/2026\/02\/revolution-padel-store.jpg","width":2000,"height":2000,"caption":"Revolution Padel Store"},"image":{"@id":"https:\/\/15131.p.syniva.es\/pt-pt\/#\/schema\/logo\/image\/"},"sameAs":["https:\/\/www.instagram.com\/revolutionpadelstore\/"]}]}},"_links":{"self":[{"href":"https:\/\/15131.p.syniva.es\/pt-pt\/wp-json\/wp\/v2\/product\/19718","targetHints":{"allow":["GET"]}}],"collection":[{"href":"https:\/\/15131.p.syniva.es\/pt-pt\/wp-json\/wp\/v2\/product"}],"about":[{"href":"https:\/\/15131.p.syniva.es\/pt-pt\/wp-json\/wp\/v2\/types\/product"}],"replies":[{"embeddable":true,"href":"https:\/\/15131.p.syniva.es\/pt-pt\/wp-json\/wp\/v2\/comments?post=19718"}],"wp:featuredmedia":[{"embeddable":true,"href":"https:\/\/15131.p.syniva.es\/pt-pt\/wp-json\/wp\/v2\/media\/50222"}],"wp:attachment":[{"href":"https:\/\/15131.p.syniva.es\/pt-pt\/wp-json\/wp\/v2\/media?parent=19718"}],"wp:term":[{"taxonomy":"acabado","embeddable":true,"href":"https:\/\/15131.p.syniva.es\/pt-pt\/wp-json\/wp\/v2\/acabado?post=19718"},{"taxonomy":"balance","embeddable":true,"href":"https:\/\/15131.p.syniva.es\/pt-pt\/wp-json\/wp\/v2\/balance?post=19718"},{"taxonomy":"dureza","embeddable":true,"href":"https:\/\/15131.p.syniva.es\/pt-pt\/wp-json\/wp\/v2\/dureza?post=19718"},{"taxonomy":"forma","embeddable":true,"href":"https:\/\/15131.p.syniva.es\/pt-pt\/wp-json\/wp\/v2\/forma?post=19718"},{"taxonomy":"jugador","embeddable":true,"href":"https:\/\/15131.p.syniva.es\/pt-pt\/wp-json\/wp\/v2\/jugador?post=19718"},{"taxonomy":"marca","embeddable":true,"href":"https:\/\/15131.p.syniva.es\/pt-pt\/wp-json\/wp\/v2\/marca?post=19718"},{"taxonomy":"nivel-de-juego","embeddable":true,"href":"https:\/\/15131.p.syniva.es\/pt-pt\/wp-json\/wp\/v2\/nivel-de-juego?post=19718"},{"taxonomy":"superficie","embeddable":true,"href":"https:\/\/15131.p.syniva.es\/pt-pt\/wp-json\/wp\/v2\/superficie?post=19718"},{"taxonomy":"tipo-de-juego","embeddable":true,"href":"https:\/\/15131.p.syniva.es\/pt-pt\/wp-json\/wp\/v2\/tipo-de-juego?post=19718"},{"taxonomy":"product_brand","embeddable":true,"href":"https:\/\/15131.p.syniva.es\/pt-pt\/wp-json\/wp\/v2\/product_brand?post=19718"},{"taxonomy":"product_cat","embeddable":true,"href":"https:\/\/15131.p.syniva.es\/pt-pt\/wp-json\/wp\/v2\/product_cat?post=19718"},{"taxonomy":"product_tag","embeddable":true,"href":"https:\/\/15131.p.syniva.es\/pt-pt\/wp-json\/wp\/v2\/product_tag?post=19718"}],"curies":[{"name":"wp","href":"https:\/\/api.w.org\/{rel}","templated":true}]}}