{"id":19733,"date":"2024-04-09T19:47:03","date_gmt":"2024-04-09T17:47:03","guid":{"rendered":"https:\/\/15131.p.syniva.es\/siux-electra-st3-go\/"},"modified":"2026-04-08T14:28:07","modified_gmt":"2026-04-08T12:28:07","slug":"siux-electra-st3-go","status":"publish","type":"product","link":"https:\/\/15131.p.syniva.es\/pt-pt\/produto\/siux-electra-st3-go\/","title":{"rendered":"SIUX ELECTRA ST3 GO"},"content":{"rendered":"<h2>Siux Electra ST3 Go, raquete h\u00edbrida para jogadores de n\u00edvel intermedi\u00e1rio<\/h2>\n<p>A raquete de padel <strong>Siux Electra ST3 Go<\/strong> \u00e9 da linha Go Series da Siux, projetada especificamente para <strong>jogadores de m\u00e9dio desempenho<\/strong> que desejam melhorar seu jogo e lev\u00e1-lo ao pr\u00f3ximo n\u00edvel. Com um design elegante em preto e dourado, esta raquete n\u00e3o s\u00f3 se destaca na quadra pelo seu desempenho, mas tamb\u00e9m pela sua est\u00e9tica impec\u00e1vel.<\/p>\n<p>A raquete possui corpo de <strong>formato h\u00edbrido<\/strong> que combina o melhor das raquetes redondas e em forma de l\u00e1grima, tornando-a uma aliada vers\u00e1til na quadra. Seu equil\u00edbrio m\u00e9dio proporciona controle excepcional sem sacrificar a pot\u00eancia em seus golpes. A faixa de peso desta raquete varia entre 355 e 375 gramas<\/p>\n<h3>Raquete de padel h\u00edbrida com toque de dureza m\u00e9dia<\/h3>\n<p>A estrutura <strong>tubular <\/strong>da l\u00e2mina \u00e9 composta por 5<strong>0% de carbono 3K e 50% de <em>Fibra de Vidro<\/em><\/strong>, o que garante resist\u00eancia excepcional e longa durabilidade. As faces s\u00e3o confeccionadas em carbono 3K, o que proporciona maior flexibilidade aos avi\u00f5es. O n\u00facleo de borracha EVA r\u00edgido oferece uma sensa\u00e7\u00e3o de dureza m\u00e9dia, proporcionando uma sensa\u00e7\u00e3o de solidez e controle em cada impacto.<\/p>\n<p>\u00c9 equipado com sistema antivibra\u00e7\u00e3o Shockout Dampeners, que reduz as vibra\u00e7\u00f5es ao bater, proporcionando uma experi\u00eancia de jogo mais confort\u00e1vel e minimizando o risco de les\u00f5es por esfor\u00e7os repetitivos. As faces com acabamento brilhante conferem uma apar\u00eancia elegante e polida na quadra.<\/p>\n<p>Resumindo, a Siux Electra ST3 Go \u00e9 a escolha perfeita para padelistas de m\u00e9dio desempenho que procuram uma raquete com equil\u00edbrio ideal entre controle e pot\u00eancia, durabilidade excepcional e uma est\u00e9tica impressionante. Com sua tecnologia avan\u00e7ada e design atraente, esta raquete o deixar\u00e1 um passo mais perto da vit\u00f3ria em cada partida.<\/p>\n<h2>Siux Electra ST3 Go, pala h\u00edbrida para jugadores de nivel intermedio<\/h2>\n","protected":false},"excerpt":{"rendered":"<p>A raquete de padel Siux Electra ST3 Go \u00e9 da linha Go Series da Siux, projetada especificamente para jogadores de m\u00e9dio desempenho que desejam melhorar seu jogo e lev\u00e1-lo ao pr\u00f3ximo n\u00edvel. Com um design elegante em preto e dourado, esta raquete n\u00e3o s\u00f3 se destaca na quadra pelo seu desempenho, mas tamb\u00e9m pela sua est\u00e9tica impec\u00e1vel.<\/p>\n","protected":false},"featured_media":265996,"comment_status":"open","ping_status":"closed","template":"","meta":{"_acf_changed":false,"_joinchat":[]},"acabado":[1080],"balance":[1140],"dureza":[1155],"forma":[1175],"jugador":[1190,1200],"marca":[1305],"nivel-de-juego":[1350],"superficie":[1360],"tipo-de-juego":[1385],"product_brand":[],"product_cat":[300],"product_tag":[],"class_list":{"0":"post-19733","1":"product","2":"type-product","3":"status-publish","4":"has-post-thumbnail","6":"acabado-brilho","7":"balance-medio-pt-pt","8":"dureza-media-pt-pt","9":"forma-hibrido","10":"jugador-homem","11":"jugador-polivalente-pt-pt","12":"marca-siux-pt-pt","13":"superficie-rugosa-pt-pt","14":"tipo-de-juego-polivalente-pt-pt","15":"product_cat-palas","17":"first","18":"instock","19":"sale","20":"taxable","21":"shipping-taxable","22":"purchasable","23":"product-type-simple"},"acf":[],"yoast_head":"<!-- This site is optimized with the Yoast SEO plugin v27.5 - https:\/\/yoast.com\/product\/yoast-seo-wordpress\/ -->\n<title>SIUX ELECTRA ST3 GO - Revolution Padel Store<\/title>\n<meta name=\"description\" content=\"La pala de p\u00e1del\u00a0Siux Electra ST3 Go\u00a0es de la gama Go Series de Siux, dise\u00f1ada espec\u00edficamente para\u00a0jugadores de rendimiento medio\u00a0que desean mejorar su juego y llevarlo al siguiente nivel. Con un dise\u00f1o elegante en negro y dorado, esta pala no solo destaca en la pista por su rendimiento, sino tambi\u00e9n por su est\u00e9tica impecable.\" \/>\n<meta name=\"robots\" content=\"index, follow, max-snippet:-1, max-image-preview:large, max-video-preview:-1\" \/>\n<link rel=\"canonical\" href=\"https:\/\/15131.p.syniva.es\/pt-pt\/produto\/siux-electra-st3-go\/\" \/>\n<meta property=\"og:locale\" content=\"pt_PT\" \/>\n<meta property=\"og:type\" content=\"article\" \/>\n<meta property=\"og:title\" content=\"COMPRAR SIUX ELECTRA ST3 GO\" \/>\n<meta property=\"og:description\" content=\"La pala de p\u00e1del\u00a0Siux Electra ST3 Go\u00a0es de la gama Go Series de Siux, dise\u00f1ada espec\u00edficamente para\u00a0jugadores de rendimiento medio\u00a0que desean mejorar su juego y llevarlo al siguiente nivel. Con un dise\u00f1o elegante en negro y dorado, esta pala no solo destaca en la pista por su rendimiento, sino tambi\u00e9n por su est\u00e9tica impecable.\" \/>\n<meta property=\"og:url\" content=\"https:\/\/15131.p.syniva.es\/pt-pt\/produto\/siux-electra-st3-go\/\" \/>\n<meta property=\"og:site_name\" content=\"Revolution Padel Store\" \/>\n<meta property=\"article:modified_time\" content=\"2026-04-08T12:28:07+00:00\" \/>\n<meta property=\"og:image\" content=\"https:\/\/15131.p.syniva.es\/wp-content\/uploads\/2024\/04\/109474_siux_electra_go_3_1500x1500_vista1_2c8b.webp\" \/>\n\t<meta property=\"og:image:width\" content=\"1500\" \/>\n\t<meta property=\"og:image:height\" content=\"1500\" \/>\n\t<meta property=\"og:image:type\" content=\"image\/webp\" \/>\n<meta name=\"twitter:card\" content=\"summary_large_image\" \/>\n<meta name=\"twitter:label1\" content=\"Tempo estimado de leitura\" \/>\n\t<meta name=\"twitter:data1\" content=\"2 minutos\" \/>\n<script type=\"application\/ld+json\" class=\"yoast-schema-graph\">{\"@context\":\"https:\\\/\\\/schema.org\",\"@graph\":[{\"@type\":\"WebPage\",\"@id\":\"https:\\\/\\\/15131.p.syniva.es\\\/pt-pt\\\/produto\\\/siux-electra-st3-go\\\/\",\"url\":\"https:\\\/\\\/15131.p.syniva.es\\\/pt-pt\\\/produto\\\/siux-electra-st3-go\\\/\",\"name\":\"SIUX ELECTRA ST3 GO - Revolution Padel Store\",\"isPartOf\":{\"@id\":\"https:\\\/\\\/15131.p.syniva.es\\\/pt-pt\\\/#website\"},\"primaryImageOfPage\":{\"@id\":\"https:\\\/\\\/15131.p.syniva.es\\\/pt-pt\\\/produto\\\/siux-electra-st3-go\\\/#primaryimage\"},\"image\":{\"@id\":\"https:\\\/\\\/15131.p.syniva.es\\\/pt-pt\\\/produto\\\/siux-electra-st3-go\\\/#primaryimage\"},\"thumbnailUrl\":\"https:\\\/\\\/15131.p.syniva.es\\\/wp-content\\\/uploads\\\/2024\\\/04\\\/109474_siux_electra_go_3_1500x1500_vista1_2c8b-2.webp\",\"datePublished\":\"2024-04-09T17:47:03+00:00\",\"dateModified\":\"2026-04-08T12:28:07+00:00\",\"description\":\"La pala de p\u00e1del\u00a0Siux Electra ST3 Go\u00a0es de la gama Go Series de Siux, dise\u00f1ada espec\u00edficamente para\u00a0jugadores de rendimiento medio\u00a0que desean mejorar su juego y llevarlo al siguiente nivel. Con un dise\u00f1o elegante en negro y dorado, esta pala no solo destaca en la pista por su rendimiento, sino tambi\u00e9n por su est\u00e9tica impecable.\",\"breadcrumb\":{\"@id\":\"https:\\\/\\\/15131.p.syniva.es\\\/pt-pt\\\/produto\\\/siux-electra-st3-go\\\/#breadcrumb\"},\"inLanguage\":\"pt-PT\",\"potentialAction\":[{\"@type\":\"ReadAction\",\"target\":[\"https:\\\/\\\/15131.p.syniva.es\\\/pt-pt\\\/produto\\\/siux-electra-st3-go\\\/\"]}]},{\"@type\":\"ImageObject\",\"inLanguage\":\"pt-PT\",\"@id\":\"https:\\\/\\\/15131.p.syniva.es\\\/pt-pt\\\/produto\\\/siux-electra-st3-go\\\/#primaryimage\",\"url\":\"https:\\\/\\\/15131.p.syniva.es\\\/wp-content\\\/uploads\\\/2024\\\/04\\\/109474_siux_electra_go_3_1500x1500_vista1_2c8b-2.webp\",\"contentUrl\":\"https:\\\/\\\/15131.p.syniva.es\\\/wp-content\\\/uploads\\\/2024\\\/04\\\/109474_siux_electra_go_3_1500x1500_vista1_2c8b-2.webp\",\"width\":1500,\"height\":1500},{\"@type\":\"BreadcrumbList\",\"@id\":\"https:\\\/\\\/15131.p.syniva.es\\\/pt-pt\\\/produto\\\/siux-electra-st3-go\\\/#breadcrumb\",\"itemListElement\":[{\"@type\":\"ListItem\",\"position\":1,\"name\":\"Portada\",\"item\":\"https:\\\/\\\/15131.p.syniva.es\\\/pt-pt\\\/\"},{\"@type\":\"ListItem\",\"position\":2,\"name\":\"Tienda\",\"item\":\"https:\\\/\\\/15131.p.syniva.es\\\/pt-pt\\\/tienda\\\/\"},{\"@type\":\"ListItem\",\"position\":3,\"name\":\"SIUX ELECTRA ST3 GO\"}]},{\"@type\":\"WebSite\",\"@id\":\"https:\\\/\\\/15131.p.syniva.es\\\/pt-pt\\\/#website\",\"url\":\"https:\\\/\\\/15131.p.syniva.es\\\/pt-pt\\\/\",\"name\":\"Revolution Padel Store\",\"description\":\"\",\"publisher\":{\"@id\":\"https:\\\/\\\/15131.p.syniva.es\\\/pt-pt\\\/#organization\"},\"potentialAction\":[{\"@type\":\"SearchAction\",\"target\":{\"@type\":\"EntryPoint\",\"urlTemplate\":\"https:\\\/\\\/15131.p.syniva.es\\\/pt-pt\\\/?s={search_term_string}\"},\"query-input\":{\"@type\":\"PropertyValueSpecification\",\"valueRequired\":true,\"valueName\":\"search_term_string\"}}],\"inLanguage\":\"pt-PT\"},{\"@type\":\"Organization\",\"@id\":\"https:\\\/\\\/15131.p.syniva.es\\\/pt-pt\\\/#organization\",\"name\":\"Revolution Padel Store\",\"url\":\"https:\\\/\\\/15131.p.syniva.es\\\/pt-pt\\\/\",\"logo\":{\"@type\":\"ImageObject\",\"inLanguage\":\"pt-PT\",\"@id\":\"https:\\\/\\\/15131.p.syniva.es\\\/pt-pt\\\/#\\\/schema\\\/logo\\\/image\\\/\",\"url\":\"https:\\\/\\\/15131.p.syniva.es\\\/wp-content\\\/uploads\\\/2026\\\/02\\\/revolution-padel-store.jpg\",\"contentUrl\":\"https:\\\/\\\/15131.p.syniva.es\\\/wp-content\\\/uploads\\\/2026\\\/02\\\/revolution-padel-store.jpg\",\"width\":2000,\"height\":2000,\"caption\":\"Revolution Padel Store\"},\"image\":{\"@id\":\"https:\\\/\\\/15131.p.syniva.es\\\/pt-pt\\\/#\\\/schema\\\/logo\\\/image\\\/\"},\"sameAs\":[\"https:\\\/\\\/www.instagram.com\\\/revolutionpadelstore\\\/\"]}]}<\/script>\n<!-- \/ Yoast SEO plugin. -->","yoast_head_json":{"title":"SIUX ELECTRA ST3 GO - Revolution Padel Store","description":"La pala de p\u00e1del\u00a0Siux Electra ST3 Go\u00a0es de la gama Go Series de Siux, dise\u00f1ada espec\u00edficamente para\u00a0jugadores de rendimiento medio\u00a0que desean mejorar su juego y llevarlo al siguiente nivel. Con un dise\u00f1o elegante en negro y dorado, esta pala no solo destaca en la pista por su rendimiento, sino tambi\u00e9n por su est\u00e9tica impecable.","robots":{"index":"index","follow":"follow","max-snippet":"max-snippet:-1","max-image-preview":"max-image-preview:large","max-video-preview":"max-video-preview:-1"},"canonical":"https:\/\/15131.p.syniva.es\/pt-pt\/produto\/siux-electra-st3-go\/","og_locale":"pt_PT","og_type":"article","og_title":"COMPRAR SIUX ELECTRA ST3 GO","og_description":"La pala de p\u00e1del\u00a0Siux Electra ST3 Go\u00a0es de la gama Go Series de Siux, dise\u00f1ada espec\u00edficamente para\u00a0jugadores de rendimiento medio\u00a0que desean mejorar su juego y llevarlo al siguiente nivel. Con un dise\u00f1o elegante en negro y dorado, esta pala no solo destaca en la pista por su rendimiento, sino tambi\u00e9n por su est\u00e9tica impecable.","og_url":"https:\/\/15131.p.syniva.es\/pt-pt\/produto\/siux-electra-st3-go\/","og_site_name":"Revolution Padel Store","article_modified_time":"2026-04-08T12:28:07+00:00","og_image":[{"width":1500,"height":1500,"url":"https:\/\/15131.p.syniva.es\/wp-content\/uploads\/2024\/04\/109474_siux_electra_go_3_1500x1500_vista1_2c8b.webp","type":"image\/webp"}],"twitter_card":"summary_large_image","twitter_misc":{"Tempo estimado de leitura":"2 minutos"},"schema":{"@context":"https:\/\/schema.org","@graph":[{"@type":"WebPage","@id":"https:\/\/15131.p.syniva.es\/pt-pt\/produto\/siux-electra-st3-go\/","url":"https:\/\/15131.p.syniva.es\/pt-pt\/produto\/siux-electra-st3-go\/","name":"SIUX ELECTRA ST3 GO - Revolution Padel Store","isPartOf":{"@id":"https:\/\/15131.p.syniva.es\/pt-pt\/#website"},"primaryImageOfPage":{"@id":"https:\/\/15131.p.syniva.es\/pt-pt\/produto\/siux-electra-st3-go\/#primaryimage"},"image":{"@id":"https:\/\/15131.p.syniva.es\/pt-pt\/produto\/siux-electra-st3-go\/#primaryimage"},"thumbnailUrl":"https:\/\/15131.p.syniva.es\/wp-content\/uploads\/2024\/04\/109474_siux_electra_go_3_1500x1500_vista1_2c8b-2.webp","datePublished":"2024-04-09T17:47:03+00:00","dateModified":"2026-04-08T12:28:07+00:00","description":"La pala de p\u00e1del\u00a0Siux Electra ST3 Go\u00a0es de la gama Go Series de Siux, dise\u00f1ada espec\u00edficamente para\u00a0jugadores de rendimiento medio\u00a0que desean mejorar su juego y llevarlo al siguiente nivel. Con un dise\u00f1o elegante en negro y dorado, esta pala no solo destaca en la pista por su rendimiento, sino tambi\u00e9n por su est\u00e9tica impecable.","breadcrumb":{"@id":"https:\/\/15131.p.syniva.es\/pt-pt\/produto\/siux-electra-st3-go\/#breadcrumb"},"inLanguage":"pt-PT","potentialAction":[{"@type":"ReadAction","target":["https:\/\/15131.p.syniva.es\/pt-pt\/produto\/siux-electra-st3-go\/"]}]},{"@type":"ImageObject","inLanguage":"pt-PT","@id":"https:\/\/15131.p.syniva.es\/pt-pt\/produto\/siux-electra-st3-go\/#primaryimage","url":"https:\/\/15131.p.syniva.es\/wp-content\/uploads\/2024\/04\/109474_siux_electra_go_3_1500x1500_vista1_2c8b-2.webp","contentUrl":"https:\/\/15131.p.syniva.es\/wp-content\/uploads\/2024\/04\/109474_siux_electra_go_3_1500x1500_vista1_2c8b-2.webp","width":1500,"height":1500},{"@type":"BreadcrumbList","@id":"https:\/\/15131.p.syniva.es\/pt-pt\/produto\/siux-electra-st3-go\/#breadcrumb","itemListElement":[{"@type":"ListItem","position":1,"name":"Portada","item":"https:\/\/15131.p.syniva.es\/pt-pt\/"},{"@type":"ListItem","position":2,"name":"Tienda","item":"https:\/\/15131.p.syniva.es\/pt-pt\/tienda\/"},{"@type":"ListItem","position":3,"name":"SIUX ELECTRA ST3 GO"}]},{"@type":"WebSite","@id":"https:\/\/15131.p.syniva.es\/pt-pt\/#website","url":"https:\/\/15131.p.syniva.es\/pt-pt\/","name":"Revolution Padel Store","description":"","publisher":{"@id":"https:\/\/15131.p.syniva.es\/pt-pt\/#organization"},"potentialAction":[{"@type":"SearchAction","target":{"@type":"EntryPoint","urlTemplate":"https:\/\/15131.p.syniva.es\/pt-pt\/?s={search_term_string}"},"query-input":{"@type":"PropertyValueSpecification","valueRequired":true,"valueName":"search_term_string"}}],"inLanguage":"pt-PT"},{"@type":"Organization","@id":"https:\/\/15131.p.syniva.es\/pt-pt\/#organization","name":"Revolution Padel Store","url":"https:\/\/15131.p.syniva.es\/pt-pt\/","logo":{"@type":"ImageObject","inLanguage":"pt-PT","@id":"https:\/\/15131.p.syniva.es\/pt-pt\/#\/schema\/logo\/image\/","url":"https:\/\/15131.p.syniva.es\/wp-content\/uploads\/2026\/02\/revolution-padel-store.jpg","contentUrl":"https:\/\/15131.p.syniva.es\/wp-content\/uploads\/2026\/02\/revolution-padel-store.jpg","width":2000,"height":2000,"caption":"Revolution Padel Store"},"image":{"@id":"https:\/\/15131.p.syniva.es\/pt-pt\/#\/schema\/logo\/image\/"},"sameAs":["https:\/\/www.instagram.com\/revolutionpadelstore\/"]}]}},"_links":{"self":[{"href":"https:\/\/15131.p.syniva.es\/pt-pt\/wp-json\/wp\/v2\/product\/19733","targetHints":{"allow":["GET"]}}],"collection":[{"href":"https:\/\/15131.p.syniva.es\/pt-pt\/wp-json\/wp\/v2\/product"}],"about":[{"href":"https:\/\/15131.p.syniva.es\/pt-pt\/wp-json\/wp\/v2\/types\/product"}],"replies":[{"embeddable":true,"href":"https:\/\/15131.p.syniva.es\/pt-pt\/wp-json\/wp\/v2\/comments?post=19733"}],"wp:featuredmedia":[{"embeddable":true,"href":"https:\/\/15131.p.syniva.es\/pt-pt\/wp-json\/wp\/v2\/media\/265996"}],"wp:attachment":[{"href":"https:\/\/15131.p.syniva.es\/pt-pt\/wp-json\/wp\/v2\/media?parent=19733"}],"wp:term":[{"taxonomy":"acabado","embeddable":true,"href":"https:\/\/15131.p.syniva.es\/pt-pt\/wp-json\/wp\/v2\/acabado?post=19733"},{"taxonomy":"balance","embeddable":true,"href":"https:\/\/15131.p.syniva.es\/pt-pt\/wp-json\/wp\/v2\/balance?post=19733"},{"taxonomy":"dureza","embeddable":true,"href":"https:\/\/15131.p.syniva.es\/pt-pt\/wp-json\/wp\/v2\/dureza?post=19733"},{"taxonomy":"forma","embeddable":true,"href":"https:\/\/15131.p.syniva.es\/pt-pt\/wp-json\/wp\/v2\/forma?post=19733"},{"taxonomy":"jugador","embeddable":true,"href":"https:\/\/15131.p.syniva.es\/pt-pt\/wp-json\/wp\/v2\/jugador?post=19733"},{"taxonomy":"marca","embeddable":true,"href":"https:\/\/15131.p.syniva.es\/pt-pt\/wp-json\/wp\/v2\/marca?post=19733"},{"taxonomy":"nivel-de-juego","embeddable":true,"href":"https:\/\/15131.p.syniva.es\/pt-pt\/wp-json\/wp\/v2\/nivel-de-juego?post=19733"},{"taxonomy":"superficie","embeddable":true,"href":"https:\/\/15131.p.syniva.es\/pt-pt\/wp-json\/wp\/v2\/superficie?post=19733"},{"taxonomy":"tipo-de-juego","embeddable":true,"href":"https:\/\/15131.p.syniva.es\/pt-pt\/wp-json\/wp\/v2\/tipo-de-juego?post=19733"},{"taxonomy":"product_brand","embeddable":true,"href":"https:\/\/15131.p.syniva.es\/pt-pt\/wp-json\/wp\/v2\/product_brand?post=19733"},{"taxonomy":"product_cat","embeddable":true,"href":"https:\/\/15131.p.syniva.es\/pt-pt\/wp-json\/wp\/v2\/product_cat?post=19733"},{"taxonomy":"product_tag","embeddable":true,"href":"https:\/\/15131.p.syniva.es\/pt-pt\/wp-json\/wp\/v2\/product_tag?post=19733"}],"curies":[{"name":"wp","href":"https:\/\/api.w.org\/{rel}","templated":true}]}}