{"id":20243,"date":"2024-03-21T15:30:57","date_gmt":"2024-03-21T14:30:57","guid":{"rendered":"https:\/\/15131.p.syniva.es\/wilson-bela-pro-v2\/"},"modified":"2026-04-08T14:50:04","modified_gmt":"2026-04-08T12:50:04","slug":"wilson-bela-pro-v2","status":"publish","type":"product","link":"https:\/\/15131.p.syniva.es\/pt-pt\/produto\/wilson-bela-pro-v2\/","title":{"rendered":"WILSON BELA PRO V2"},"content":{"rendered":"<h2>Wilson Bela Pro V2, raquete oficial do jogador profissional Fernando Belastegu\u00edn<\/h2>\n<p><strong>Wilson Bela Pro V2 <\/strong>\u00e9 a raquete de padel oficial de <strong>Fernando Belastegu\u00edn<\/strong>, um jogador profissional de padel que ocupa o 5\u00ba lugar no circuito World Padel Tour&#8230;<\/p>\n<p>Esta raquete padel \u00e9 ideal para um jogo vers\u00e1til de ataque e defesa. Esta raquete possui corpo em formato de diamante com alto equil\u00edbrio para trabalhar golpes de ataque. Com sweet spot mais amplo, desenhado a pedido de Fernando Belasteguin, para desferir golpes poderosos. \u00c9 feito com um n\u00facleo de borracha EVA firme para ajudar no poder de perfura\u00e7\u00e3o. O perfil da l\u00e2mina \u00e9 de 38 mm e seu peso gira em torno de 370 gramas.<\/p>\n<h2>Remo com sensa\u00e7\u00e3o firme para bater com for\u00e7a<\/h2>\n<p>O quadro \u00e9 feito de carbono premium combinado com faces de fibra de carbono 3K. As faces com este carbono t\u00eam um toque levemente macio para compensar o n\u00facleo mais duro com a espuma Firm EVA.<\/p>\n<p>\u00c9 uma raquete de padel resistente e firme para dar golpes poderosos. A estrutura \u00e9 s\u00f3lida e dur\u00e1vel. As faces mais suaves permitem que os choques sejam ligeiramente amortecidos para controlar melhor a pot\u00eancia. A firmeza do n\u00facleo permite acertar com energia para atacar com for\u00e7a. Golpes limpos e firmes gra\u00e7as \u00e0 borracha EVA r\u00edgida<\/p>\n<h3>Raquete Wilson com superf\u00edcie texturizada para melhor ader\u00eancia e giro<\/h3>\n<p>Com a tecnologia <em>SpinEffect<\/em>, <strong>superf\u00edcie com textura \u00e1spera<\/strong> para melhorar os efeitos de giro ao agarrar melhor a bola. E tecnologia <em>Sharp Hole<\/em>, melhor ader\u00eancia em cada golpe devido \u00e0 perfura\u00e7\u00e3o das matrizes<\/p>\n<p>A raquete possui uma al\u00e7a remov\u00edvel e personaliz\u00e1vel. Esta raquete possui um design marcante e incompar\u00e1vel com o corpo totalmente em vermelho e o punho em preto. O que voc\u00ea est\u00e1 esperando para ter sua nova p\u00e1 Wilson?<\/p>\n<h2>Wilson Bela Pro V2, pala oficial del jugador profesional Fernando Belastegu\u00edn<\/h2>\n","protected":false},"excerpt":{"rendered":"<p>Wilson Bela Pro V2, desfrute de uma raquete em formato de diamante com n\u00facleo r\u00edgido de borracha EVA. Feito com carbono premium e carbono 3K para maior resist\u00eancia.<\/p>\n","protected":false},"featured_media":51886,"comment_status":"open","ping_status":"closed","template":"","meta":{"_acf_changed":false,"_joinchat":[]},"acabado":[1085],"balance":[1140],"dureza":[1155],"forma":[1180],"jugador":[1190,1200],"marca":[1265],"nivel-de-juego":[1335],"superficie":[1360],"tipo-de-juego":[1385],"product_brand":[],"product_cat":[300],"product_tag":[],"class_list":{"0":"post-20243","1":"product","2":"type-product","3":"status-publish","4":"has-post-thumbnail","6":"acabado-companheiro","7":"balance-medio-pt-pt","8":"dureza-media-pt-pt","9":"forma-rodada","10":"jugador-homem","11":"jugador-polivalente-pt-pt","12":"marca-wilson-pt-pt","13":"superficie-rugosa-pt-pt","14":"tipo-de-juego-polivalente-pt-pt","15":"product_cat-palas","17":"first","18":"instock","19":"sale","20":"taxable","21":"shipping-taxable","22":"purchasable","23":"product-type-simple"},"acf":[],"yoast_head":"<!-- This site is optimized with the Yoast SEO plugin v27.3 - https:\/\/yoast.com\/product\/yoast-seo-wordpress\/ -->\n<title>WILSON BELA PRO V2 - Revolution Padel Store<\/title>\n<meta name=\"description\" content=\"Wilson Bela Pro V2, disfruta de una pala de forma diamante con n\u00facleo de goma EVA r\u00edgida. Fabricada con carbono premium y carbono 3K para mayor resistencia.\" \/>\n<meta name=\"robots\" content=\"index, follow, max-snippet:-1, max-image-preview:large, max-video-preview:-1\" \/>\n<link rel=\"canonical\" href=\"https:\/\/15131.p.syniva.es\/pt-pt\/produto\/wilson-bela-pro-v2\/\" \/>\n<meta property=\"og:locale\" content=\"pt_PT\" \/>\n<meta property=\"og:type\" content=\"article\" \/>\n<meta property=\"og:title\" content=\"WILSON BELA PRO V2 - Revolution Padel Store\" \/>\n<meta property=\"og:description\" content=\"Wilson Bela Pro V2, disfruta de una pala de forma diamante con n\u00facleo de goma EVA r\u00edgida. Fabricada con carbono premium y carbono 3K para mayor resistencia.\" \/>\n<meta property=\"og:url\" content=\"https:\/\/15131.p.syniva.es\/pt-pt\/produto\/wilson-bela-pro-v2\/\" \/>\n<meta property=\"og:site_name\" content=\"Revolution Padel Store\" \/>\n<meta property=\"article:modified_time\" content=\"2026-04-08T12:50:04+00:00\" \/>\n<meta property=\"og:image\" content=\"https:\/\/15131.p.syniva.es\/wp-content\/uploads\/2024\/03\/WILSON_BELA_PRO_V2_WR133711F21000_1000_adcc.webp\" \/>\n\t<meta property=\"og:image:width\" content=\"1000\" \/>\n\t<meta property=\"og:image:height\" content=\"1000\" \/>\n\t<meta property=\"og:image:type\" content=\"image\/webp\" \/>\n<meta name=\"twitter:card\" content=\"summary_large_image\" \/>\n<meta name=\"twitter:label1\" content=\"Tempo estimado de leitura\" \/>\n\t<meta name=\"twitter:data1\" content=\"2 minutos\" \/>\n<script type=\"application\/ld+json\" class=\"yoast-schema-graph\">{\"@context\":\"https:\\\/\\\/schema.org\",\"@graph\":[{\"@type\":\"WebPage\",\"@id\":\"https:\\\/\\\/15131.p.syniva.es\\\/pt-pt\\\/produto\\\/wilson-bela-pro-v2\\\/\",\"url\":\"https:\\\/\\\/15131.p.syniva.es\\\/pt-pt\\\/produto\\\/wilson-bela-pro-v2\\\/\",\"name\":\"WILSON BELA PRO V2 - Revolution Padel Store\",\"isPartOf\":{\"@id\":\"https:\\\/\\\/15131.p.syniva.es\\\/pt-pt\\\/#website\"},\"primaryImageOfPage\":{\"@id\":\"https:\\\/\\\/15131.p.syniva.es\\\/pt-pt\\\/produto\\\/wilson-bela-pro-v2\\\/#primaryimage\"},\"image\":{\"@id\":\"https:\\\/\\\/15131.p.syniva.es\\\/pt-pt\\\/produto\\\/wilson-bela-pro-v2\\\/#primaryimage\"},\"thumbnailUrl\":\"https:\\\/\\\/15131.p.syniva.es\\\/wp-content\\\/uploads\\\/2024\\\/03\\\/WILSON_BELA_PRO_V2_WR133711F21000_1000_adcc.webp\",\"datePublished\":\"2024-03-21T14:30:57+00:00\",\"dateModified\":\"2026-04-08T12:50:04+00:00\",\"description\":\"Wilson Bela Pro V2, disfruta de una pala de forma diamante con n\u00facleo de goma EVA r\u00edgida. Fabricada con carbono premium y carbono 3K para mayor resistencia.\",\"breadcrumb\":{\"@id\":\"https:\\\/\\\/15131.p.syniva.es\\\/pt-pt\\\/produto\\\/wilson-bela-pro-v2\\\/#breadcrumb\"},\"inLanguage\":\"pt-PT\",\"potentialAction\":[{\"@type\":\"ReadAction\",\"target\":[\"https:\\\/\\\/15131.p.syniva.es\\\/pt-pt\\\/produto\\\/wilson-bela-pro-v2\\\/\"]}]},{\"@type\":\"ImageObject\",\"inLanguage\":\"pt-PT\",\"@id\":\"https:\\\/\\\/15131.p.syniva.es\\\/pt-pt\\\/produto\\\/wilson-bela-pro-v2\\\/#primaryimage\",\"url\":\"https:\\\/\\\/15131.p.syniva.es\\\/wp-content\\\/uploads\\\/2024\\\/03\\\/WILSON_BELA_PRO_V2_WR133711F21000_1000_adcc.webp\",\"contentUrl\":\"https:\\\/\\\/15131.p.syniva.es\\\/wp-content\\\/uploads\\\/2024\\\/03\\\/WILSON_BELA_PRO_V2_WR133711F21000_1000_adcc.webp\",\"width\":1000,\"height\":1000},{\"@type\":\"BreadcrumbList\",\"@id\":\"https:\\\/\\\/15131.p.syniva.es\\\/pt-pt\\\/produto\\\/wilson-bela-pro-v2\\\/#breadcrumb\",\"itemListElement\":[{\"@type\":\"ListItem\",\"position\":1,\"name\":\"Portada\",\"item\":\"https:\\\/\\\/15131.p.syniva.es\\\/pt-pt\\\/\"},{\"@type\":\"ListItem\",\"position\":2,\"name\":\"Tienda\",\"item\":\"https:\\\/\\\/15131.p.syniva.es\\\/pt-pt\\\/tienda\\\/\"},{\"@type\":\"ListItem\",\"position\":3,\"name\":\"WILSON BELA PRO V2\"}]},{\"@type\":\"WebSite\",\"@id\":\"https:\\\/\\\/15131.p.syniva.es\\\/pt-pt\\\/#website\",\"url\":\"https:\\\/\\\/15131.p.syniva.es\\\/pt-pt\\\/\",\"name\":\"Revolution Padel Store\",\"description\":\"\",\"publisher\":{\"@id\":\"https:\\\/\\\/15131.p.syniva.es\\\/pt-pt\\\/#organization\"},\"potentialAction\":[{\"@type\":\"SearchAction\",\"target\":{\"@type\":\"EntryPoint\",\"urlTemplate\":\"https:\\\/\\\/15131.p.syniva.es\\\/pt-pt\\\/?s={search_term_string}\"},\"query-input\":{\"@type\":\"PropertyValueSpecification\",\"valueRequired\":true,\"valueName\":\"search_term_string\"}}],\"inLanguage\":\"pt-PT\"},{\"@type\":\"Organization\",\"@id\":\"https:\\\/\\\/15131.p.syniva.es\\\/pt-pt\\\/#organization\",\"name\":\"Revolution Padel Store\",\"url\":\"https:\\\/\\\/15131.p.syniva.es\\\/pt-pt\\\/\",\"logo\":{\"@type\":\"ImageObject\",\"inLanguage\":\"pt-PT\",\"@id\":\"https:\\\/\\\/15131.p.syniva.es\\\/pt-pt\\\/#\\\/schema\\\/logo\\\/image\\\/\",\"url\":\"https:\\\/\\\/15131.p.syniva.es\\\/wp-content\\\/uploads\\\/2026\\\/02\\\/revolution-padel-store.jpg\",\"contentUrl\":\"https:\\\/\\\/15131.p.syniva.es\\\/wp-content\\\/uploads\\\/2026\\\/02\\\/revolution-padel-store.jpg\",\"width\":2000,\"height\":2000,\"caption\":\"Revolution Padel Store\"},\"image\":{\"@id\":\"https:\\\/\\\/15131.p.syniva.es\\\/pt-pt\\\/#\\\/schema\\\/logo\\\/image\\\/\"},\"sameAs\":[\"https:\\\/\\\/www.instagram.com\\\/revolutionpadelstore\\\/\"]}]}<\/script>\n<!-- \/ Yoast SEO plugin. -->","yoast_head_json":{"title":"WILSON BELA PRO V2 - Revolution Padel Store","description":"Wilson Bela Pro V2, disfruta de una pala de forma diamante con n\u00facleo de goma EVA r\u00edgida. Fabricada con carbono premium y carbono 3K para mayor resistencia.","robots":{"index":"index","follow":"follow","max-snippet":"max-snippet:-1","max-image-preview":"max-image-preview:large","max-video-preview":"max-video-preview:-1"},"canonical":"https:\/\/15131.p.syniva.es\/pt-pt\/produto\/wilson-bela-pro-v2\/","og_locale":"pt_PT","og_type":"article","og_title":"WILSON BELA PRO V2 - Revolution Padel Store","og_description":"Wilson Bela Pro V2, disfruta de una pala de forma diamante con n\u00facleo de goma EVA r\u00edgida. Fabricada con carbono premium y carbono 3K para mayor resistencia.","og_url":"https:\/\/15131.p.syniva.es\/pt-pt\/produto\/wilson-bela-pro-v2\/","og_site_name":"Revolution Padel Store","article_modified_time":"2026-04-08T12:50:04+00:00","og_image":[{"width":1000,"height":1000,"url":"https:\/\/15131.p.syniva.es\/wp-content\/uploads\/2024\/03\/WILSON_BELA_PRO_V2_WR133711F21000_1000_adcc.webp","type":"image\/webp"}],"twitter_card":"summary_large_image","twitter_misc":{"Tempo estimado de leitura":"2 minutos"},"schema":{"@context":"https:\/\/schema.org","@graph":[{"@type":"WebPage","@id":"https:\/\/15131.p.syniva.es\/pt-pt\/produto\/wilson-bela-pro-v2\/","url":"https:\/\/15131.p.syniva.es\/pt-pt\/produto\/wilson-bela-pro-v2\/","name":"WILSON BELA PRO V2 - Revolution Padel Store","isPartOf":{"@id":"https:\/\/15131.p.syniva.es\/pt-pt\/#website"},"primaryImageOfPage":{"@id":"https:\/\/15131.p.syniva.es\/pt-pt\/produto\/wilson-bela-pro-v2\/#primaryimage"},"image":{"@id":"https:\/\/15131.p.syniva.es\/pt-pt\/produto\/wilson-bela-pro-v2\/#primaryimage"},"thumbnailUrl":"https:\/\/15131.p.syniva.es\/wp-content\/uploads\/2024\/03\/WILSON_BELA_PRO_V2_WR133711F21000_1000_adcc.webp","datePublished":"2024-03-21T14:30:57+00:00","dateModified":"2026-04-08T12:50:04+00:00","description":"Wilson Bela Pro V2, disfruta de una pala de forma diamante con n\u00facleo de goma EVA r\u00edgida. Fabricada con carbono premium y carbono 3K para mayor resistencia.","breadcrumb":{"@id":"https:\/\/15131.p.syniva.es\/pt-pt\/produto\/wilson-bela-pro-v2\/#breadcrumb"},"inLanguage":"pt-PT","potentialAction":[{"@type":"ReadAction","target":["https:\/\/15131.p.syniva.es\/pt-pt\/produto\/wilson-bela-pro-v2\/"]}]},{"@type":"ImageObject","inLanguage":"pt-PT","@id":"https:\/\/15131.p.syniva.es\/pt-pt\/produto\/wilson-bela-pro-v2\/#primaryimage","url":"https:\/\/15131.p.syniva.es\/wp-content\/uploads\/2024\/03\/WILSON_BELA_PRO_V2_WR133711F21000_1000_adcc.webp","contentUrl":"https:\/\/15131.p.syniva.es\/wp-content\/uploads\/2024\/03\/WILSON_BELA_PRO_V2_WR133711F21000_1000_adcc.webp","width":1000,"height":1000},{"@type":"BreadcrumbList","@id":"https:\/\/15131.p.syniva.es\/pt-pt\/produto\/wilson-bela-pro-v2\/#breadcrumb","itemListElement":[{"@type":"ListItem","position":1,"name":"Portada","item":"https:\/\/15131.p.syniva.es\/pt-pt\/"},{"@type":"ListItem","position":2,"name":"Tienda","item":"https:\/\/15131.p.syniva.es\/pt-pt\/tienda\/"},{"@type":"ListItem","position":3,"name":"WILSON BELA PRO V2"}]},{"@type":"WebSite","@id":"https:\/\/15131.p.syniva.es\/pt-pt\/#website","url":"https:\/\/15131.p.syniva.es\/pt-pt\/","name":"Revolution Padel Store","description":"","publisher":{"@id":"https:\/\/15131.p.syniva.es\/pt-pt\/#organization"},"potentialAction":[{"@type":"SearchAction","target":{"@type":"EntryPoint","urlTemplate":"https:\/\/15131.p.syniva.es\/pt-pt\/?s={search_term_string}"},"query-input":{"@type":"PropertyValueSpecification","valueRequired":true,"valueName":"search_term_string"}}],"inLanguage":"pt-PT"},{"@type":"Organization","@id":"https:\/\/15131.p.syniva.es\/pt-pt\/#organization","name":"Revolution Padel Store","url":"https:\/\/15131.p.syniva.es\/pt-pt\/","logo":{"@type":"ImageObject","inLanguage":"pt-PT","@id":"https:\/\/15131.p.syniva.es\/pt-pt\/#\/schema\/logo\/image\/","url":"https:\/\/15131.p.syniva.es\/wp-content\/uploads\/2026\/02\/revolution-padel-store.jpg","contentUrl":"https:\/\/15131.p.syniva.es\/wp-content\/uploads\/2026\/02\/revolution-padel-store.jpg","width":2000,"height":2000,"caption":"Revolution Padel Store"},"image":{"@id":"https:\/\/15131.p.syniva.es\/pt-pt\/#\/schema\/logo\/image\/"},"sameAs":["https:\/\/www.instagram.com\/revolutionpadelstore\/"]}]}},"_links":{"self":[{"href":"https:\/\/15131.p.syniva.es\/pt-pt\/wp-json\/wp\/v2\/product\/20243","targetHints":{"allow":["GET"]}}],"collection":[{"href":"https:\/\/15131.p.syniva.es\/pt-pt\/wp-json\/wp\/v2\/product"}],"about":[{"href":"https:\/\/15131.p.syniva.es\/pt-pt\/wp-json\/wp\/v2\/types\/product"}],"replies":[{"embeddable":true,"href":"https:\/\/15131.p.syniva.es\/pt-pt\/wp-json\/wp\/v2\/comments?post=20243"}],"wp:featuredmedia":[{"embeddable":true,"href":"https:\/\/15131.p.syniva.es\/pt-pt\/wp-json\/wp\/v2\/media\/51886"}],"wp:attachment":[{"href":"https:\/\/15131.p.syniva.es\/pt-pt\/wp-json\/wp\/v2\/media?parent=20243"}],"wp:term":[{"taxonomy":"acabado","embeddable":true,"href":"https:\/\/15131.p.syniva.es\/pt-pt\/wp-json\/wp\/v2\/acabado?post=20243"},{"taxonomy":"balance","embeddable":true,"href":"https:\/\/15131.p.syniva.es\/pt-pt\/wp-json\/wp\/v2\/balance?post=20243"},{"taxonomy":"dureza","embeddable":true,"href":"https:\/\/15131.p.syniva.es\/pt-pt\/wp-json\/wp\/v2\/dureza?post=20243"},{"taxonomy":"forma","embeddable":true,"href":"https:\/\/15131.p.syniva.es\/pt-pt\/wp-json\/wp\/v2\/forma?post=20243"},{"taxonomy":"jugador","embeddable":true,"href":"https:\/\/15131.p.syniva.es\/pt-pt\/wp-json\/wp\/v2\/jugador?post=20243"},{"taxonomy":"marca","embeddable":true,"href":"https:\/\/15131.p.syniva.es\/pt-pt\/wp-json\/wp\/v2\/marca?post=20243"},{"taxonomy":"nivel-de-juego","embeddable":true,"href":"https:\/\/15131.p.syniva.es\/pt-pt\/wp-json\/wp\/v2\/nivel-de-juego?post=20243"},{"taxonomy":"superficie","embeddable":true,"href":"https:\/\/15131.p.syniva.es\/pt-pt\/wp-json\/wp\/v2\/superficie?post=20243"},{"taxonomy":"tipo-de-juego","embeddable":true,"href":"https:\/\/15131.p.syniva.es\/pt-pt\/wp-json\/wp\/v2\/tipo-de-juego?post=20243"},{"taxonomy":"product_brand","embeddable":true,"href":"https:\/\/15131.p.syniva.es\/pt-pt\/wp-json\/wp\/v2\/product_brand?post=20243"},{"taxonomy":"product_cat","embeddable":true,"href":"https:\/\/15131.p.syniva.es\/pt-pt\/wp-json\/wp\/v2\/product_cat?post=20243"},{"taxonomy":"product_tag","embeddable":true,"href":"https:\/\/15131.p.syniva.es\/pt-pt\/wp-json\/wp\/v2\/product_tag?post=20243"}],"curies":[{"name":"wp","href":"https:\/\/api.w.org\/{rel}","templated":true}]}}