{"id":20348,"date":"2024-03-19T19:52:33","date_gmt":"2024-03-19T18:52:33","guid":{"rendered":"https:\/\/15131.p.syniva.es\/head-speed-pro-2023\/"},"modified":"2026-04-08T14:59:23","modified_gmt":"2026-04-08T12:59:23","slug":"head-speed-pro-2023-5","status":"publish","type":"product","link":"https:\/\/15131.p.syniva.es\/pt-pt\/produto\/head-speed-pro-2023-5\/","title":{"rendered":"HEAD SPEED PRO 2023"},"content":{"rendered":"<h2>Head Speed \u200b\u200b\u200b\u200bPro, o melhor desempenho com um design inconfund\u00edvel<\/h2>\n<p>A nova raquete <strong>HEAD SPEED PRO 2023<\/strong> possui design moderno com acabamento brilhante, com detalhes em cobre e preto sobre cor base cinza escuro. Esta colorimetria confere \u00e0 raquete uma sobriedade e eleg\u00e2ncia incompar\u00e1veis \u200b\u200bque far\u00e3o do seu jogo algo que vale a pena ver.<\/p>\n<p>O modelo 2023 \u00e9 uma vers\u00e3o atualizada e melhorada do seu antecessor do ano passado. Foi pensado para jogadores de n\u00edvel avan\u00e7ado que, em qualquer tipo de superf\u00edcie, poder\u00e3o atacar com maior velocidade que os advers\u00e1rios e aproveitar ao longo da partida at\u00e9 finalmente alcan\u00e7ar a vit\u00f3ria. Combina perfeitamente <strong>controle e pot\u00eancia<\/strong>.<\/p>\n<p>Tem formato de diamante, com alto equil\u00edbrio e um sweet spot reduzido deslocado para a zona da cabe\u00e7a, pelo que o ponto forte desta raquete \u00e9 a pot\u00eancia. Ser\u00e1 o seu aliado perfeito nas suas estrat\u00e9gias ofensivas. <\/strong><\/p>\n<h2>Uma raquete de padel com tecnologia de ponta<\/h2>\n<p>\u00c9 uma raquete 5 gramas mais leve que sua vers\u00e3o 2022, que possui zona de rebatida h\u00edbrida feita de <strong>fibra de vidro e carbono<\/strong>. A sensa\u00e7\u00e3o tamb\u00e9m foi melhorada gra\u00e7as \u00e0 incorpora\u00e7\u00e3o de um novo salto macio no cabo da raquete.<\/p>\n<p>Possui tamb\u00e9m uma borracha de polietileno embutida, a borracha Power Foam, que facilitar\u00e1 um golpe poderoso e r\u00e1pido, e a mesma sa\u00edda de bola ser\u00e1 alcan\u00e7ada exercendo menos for\u00e7a.<\/p>\n<p>Por outro lado, o SPEED PRO 2023 inclui tecnologias <em><strong>Graphene Inside<\/strong><\/em>, que proporcionam <strong>maior estabilidade<\/strong> ao fortalecer o quadro e o Tailored Frame, onde cada se\u00e7\u00e3o do tubo da l\u00e2mina foi constru\u00edda individualmente para desempenho m\u00e1ximo.<\/p>\n<p>Esta raquete <strong>HEAD<\/strong> conseguiu ganhar versatilidade gra\u00e7as \u00e0 tecnologia <strong>Auxetic<\/strong>, que melhorou significativamente a sensa\u00e7\u00e3o de impacto e pode oferecer mais pot\u00eancia em cada golpe.<\/p>\n<p>Por sua vez, o Smart Bridge adapta-se na zona da ponte \u00e0s necessidades de cada tipo de jogo. Tamb\u00e9m \u00e9 necess\u00e1rio mencionar as tecnologias <em><strong>Soft Butt Cap<\/strong><\/em> e o <strong><em>Optimized Sweet Spot.<\/em><\/strong><\/p>\n","protected":false},"excerpt":{"rendered":"<p>Projetada para jogadores de n\u00edvel avan\u00e7ado, a nova HEAD SPEED PRO 2023 chega ao P\u0101del Nuestro. \u00c9 uma raquete vers\u00e1til com a qual voc\u00ea ganhar\u00e1 velocidade na quadra.<\/p>\n","protected":false},"featured_media":52270,"comment_status":"open","ping_status":"closed","template":"","meta":{"_acf_changed":false,"_joinchat":[]},"acabado":[1080],"balance":[1135],"dureza":[1155],"forma":[1185],"jugador":[1190,1200],"marca":[1220],"nivel-de-juego":[1335],"superficie":[1355],"tipo-de-juego":[1375],"product_brand":[],"product_cat":[300],"product_tag":[],"class_list":{"0":"post-20348","1":"product","2":"type-product","3":"status-publish","4":"has-post-thumbnail","6":"acabado-brilho","7":"balance-alto-pt-pt","8":"dureza-media-pt-pt","9":"forma-lagrima-pt-pt","10":"jugador-homem","11":"jugador-polivalente-pt-pt","12":"marca-cabeca","13":"superficie-lisa-pt-pt","14":"tipo-de-juego-poder","15":"product_cat-palas","17":"first","18":"instock","19":"sale","20":"taxable","21":"shipping-taxable","22":"purchasable","23":"product-type-simple"},"acf":[],"yoast_head":"<!-- This site is optimized with the Yoast SEO plugin v27.4 - https:\/\/yoast.com\/product\/yoast-seo-wordpress\/ -->\n<title>HEAD SPEED PRO 2023 - Revolution Padel Store<\/title>\n<meta name=\"description\" content=\"Dise\u00f1ada para jugadores de nivel avanzado, aterriza en P\u0101del Nuestro la nueva HEAD SPEED PRO 2023. Es una pala polivalente con la que ganar\u00e1s velocidad en la pista.\" \/>\n<meta name=\"robots\" content=\"index, follow, max-snippet:-1, max-image-preview:large, max-video-preview:-1\" \/>\n<link rel=\"canonical\" href=\"https:\/\/15131.p.syniva.es\/pt-pt\/produto\/head-speed-pro-2023-5\/\" \/>\n<meta property=\"og:locale\" content=\"pt_PT\" \/>\n<meta property=\"og:type\" content=\"article\" \/>\n<meta property=\"og:title\" content=\"HEAD SPEED PRO 2023 - Revolution Padel Store\" \/>\n<meta property=\"og:description\" content=\"Dise\u00f1ada para jugadores de nivel avanzado, aterriza en P\u0101del Nuestro la nueva HEAD SPEED PRO 2023. Es una pala polivalente con la que ganar\u00e1s velocidad en la pista.\" \/>\n<meta property=\"og:url\" content=\"https:\/\/15131.p.syniva.es\/pt-pt\/produto\/head-speed-pro-2023-5\/\" \/>\n<meta property=\"og:site_name\" content=\"Revolution Padel Store\" \/>\n<meta property=\"article:modified_time\" content=\"2026-04-08T12:59:23+00:00\" \/>\n<meta property=\"og:image\" content=\"https:\/\/15131.p.syniva.es\/wp-content\/uploads\/2024\/03\/32509_head_speed_pro_2023_221013_1500x1500_vista1_3db9.webp\" \/>\n\t<meta property=\"og:image:width\" content=\"1500\" \/>\n\t<meta property=\"og:image:height\" content=\"1500\" \/>\n\t<meta property=\"og:image:type\" content=\"image\/webp\" \/>\n<meta name=\"twitter:card\" content=\"summary_large_image\" \/>\n<meta name=\"twitter:label1\" content=\"Tempo estimado de leitura\" \/>\n\t<meta name=\"twitter:data1\" content=\"2 minutos\" \/>\n<script type=\"application\/ld+json\" class=\"yoast-schema-graph\">{\"@context\":\"https:\\\/\\\/schema.org\",\"@graph\":[{\"@type\":\"WebPage\",\"@id\":\"https:\\\/\\\/15131.p.syniva.es\\\/pt-pt\\\/produto\\\/head-speed-pro-2023-5\\\/\",\"url\":\"https:\\\/\\\/15131.p.syniva.es\\\/pt-pt\\\/produto\\\/head-speed-pro-2023-5\\\/\",\"name\":\"HEAD SPEED PRO 2023 - Revolution Padel Store\",\"isPartOf\":{\"@id\":\"https:\\\/\\\/15131.p.syniva.es\\\/pt-pt\\\/#website\"},\"primaryImageOfPage\":{\"@id\":\"https:\\\/\\\/15131.p.syniva.es\\\/pt-pt\\\/produto\\\/head-speed-pro-2023-5\\\/#primaryimage\"},\"image\":{\"@id\":\"https:\\\/\\\/15131.p.syniva.es\\\/pt-pt\\\/produto\\\/head-speed-pro-2023-5\\\/#primaryimage\"},\"thumbnailUrl\":\"https:\\\/\\\/15131.p.syniva.es\\\/wp-content\\\/uploads\\\/2024\\\/03\\\/32509_head_speed_pro_2023_221013_1500x1500_vista1_3db9.webp\",\"datePublished\":\"2024-03-19T18:52:33+00:00\",\"dateModified\":\"2026-04-08T12:59:23+00:00\",\"description\":\"Dise\u00f1ada para jugadores de nivel avanzado, aterriza en P\u0101del Nuestro la nueva HEAD SPEED PRO 2023. Es una pala polivalente con la que ganar\u00e1s velocidad en la pista.\",\"breadcrumb\":{\"@id\":\"https:\\\/\\\/15131.p.syniva.es\\\/pt-pt\\\/produto\\\/head-speed-pro-2023-5\\\/#breadcrumb\"},\"inLanguage\":\"pt-PT\",\"potentialAction\":[{\"@type\":\"ReadAction\",\"target\":[\"https:\\\/\\\/15131.p.syniva.es\\\/pt-pt\\\/produto\\\/head-speed-pro-2023-5\\\/\"]}]},{\"@type\":\"ImageObject\",\"inLanguage\":\"pt-PT\",\"@id\":\"https:\\\/\\\/15131.p.syniva.es\\\/pt-pt\\\/produto\\\/head-speed-pro-2023-5\\\/#primaryimage\",\"url\":\"https:\\\/\\\/15131.p.syniva.es\\\/wp-content\\\/uploads\\\/2024\\\/03\\\/32509_head_speed_pro_2023_221013_1500x1500_vista1_3db9.webp\",\"contentUrl\":\"https:\\\/\\\/15131.p.syniva.es\\\/wp-content\\\/uploads\\\/2024\\\/03\\\/32509_head_speed_pro_2023_221013_1500x1500_vista1_3db9.webp\",\"width\":1500,\"height\":1500},{\"@type\":\"BreadcrumbList\",\"@id\":\"https:\\\/\\\/15131.p.syniva.es\\\/pt-pt\\\/produto\\\/head-speed-pro-2023-5\\\/#breadcrumb\",\"itemListElement\":[{\"@type\":\"ListItem\",\"position\":1,\"name\":\"Portada\",\"item\":\"https:\\\/\\\/15131.p.syniva.es\\\/pt-pt\\\/\"},{\"@type\":\"ListItem\",\"position\":2,\"name\":\"Tienda\",\"item\":\"https:\\\/\\\/15131.p.syniva.es\\\/pt-pt\\\/tienda\\\/\"},{\"@type\":\"ListItem\",\"position\":3,\"name\":\"HEAD SPEED PRO 2023\"}]},{\"@type\":\"WebSite\",\"@id\":\"https:\\\/\\\/15131.p.syniva.es\\\/pt-pt\\\/#website\",\"url\":\"https:\\\/\\\/15131.p.syniva.es\\\/pt-pt\\\/\",\"name\":\"Revolution Padel Store\",\"description\":\"\",\"publisher\":{\"@id\":\"https:\\\/\\\/15131.p.syniva.es\\\/pt-pt\\\/#organization\"},\"potentialAction\":[{\"@type\":\"SearchAction\",\"target\":{\"@type\":\"EntryPoint\",\"urlTemplate\":\"https:\\\/\\\/15131.p.syniva.es\\\/pt-pt\\\/?s={search_term_string}\"},\"query-input\":{\"@type\":\"PropertyValueSpecification\",\"valueRequired\":true,\"valueName\":\"search_term_string\"}}],\"inLanguage\":\"pt-PT\"},{\"@type\":\"Organization\",\"@id\":\"https:\\\/\\\/15131.p.syniva.es\\\/pt-pt\\\/#organization\",\"name\":\"Revolution Padel Store\",\"url\":\"https:\\\/\\\/15131.p.syniva.es\\\/pt-pt\\\/\",\"logo\":{\"@type\":\"ImageObject\",\"inLanguage\":\"pt-PT\",\"@id\":\"https:\\\/\\\/15131.p.syniva.es\\\/pt-pt\\\/#\\\/schema\\\/logo\\\/image\\\/\",\"url\":\"https:\\\/\\\/15131.p.syniva.es\\\/wp-content\\\/uploads\\\/2026\\\/02\\\/revolution-padel-store.jpg\",\"contentUrl\":\"https:\\\/\\\/15131.p.syniva.es\\\/wp-content\\\/uploads\\\/2026\\\/02\\\/revolution-padel-store.jpg\",\"width\":2000,\"height\":2000,\"caption\":\"Revolution Padel Store\"},\"image\":{\"@id\":\"https:\\\/\\\/15131.p.syniva.es\\\/pt-pt\\\/#\\\/schema\\\/logo\\\/image\\\/\"},\"sameAs\":[\"https:\\\/\\\/www.instagram.com\\\/revolutionpadelstore\\\/\"]}]}<\/script>\n<!-- \/ Yoast SEO plugin. -->","yoast_head_json":{"title":"HEAD SPEED PRO 2023 - Revolution Padel Store","description":"Dise\u00f1ada para jugadores de nivel avanzado, aterriza en P\u0101del Nuestro la nueva HEAD SPEED PRO 2023. Es una pala polivalente con la que ganar\u00e1s velocidad en la pista.","robots":{"index":"index","follow":"follow","max-snippet":"max-snippet:-1","max-image-preview":"max-image-preview:large","max-video-preview":"max-video-preview:-1"},"canonical":"https:\/\/15131.p.syniva.es\/pt-pt\/produto\/head-speed-pro-2023-5\/","og_locale":"pt_PT","og_type":"article","og_title":"HEAD SPEED PRO 2023 - Revolution Padel Store","og_description":"Dise\u00f1ada para jugadores de nivel avanzado, aterriza en P\u0101del Nuestro la nueva HEAD SPEED PRO 2023. Es una pala polivalente con la que ganar\u00e1s velocidad en la pista.","og_url":"https:\/\/15131.p.syniva.es\/pt-pt\/produto\/head-speed-pro-2023-5\/","og_site_name":"Revolution Padel Store","article_modified_time":"2026-04-08T12:59:23+00:00","og_image":[{"width":1500,"height":1500,"url":"https:\/\/15131.p.syniva.es\/wp-content\/uploads\/2024\/03\/32509_head_speed_pro_2023_221013_1500x1500_vista1_3db9.webp","type":"image\/webp"}],"twitter_card":"summary_large_image","twitter_misc":{"Tempo estimado de leitura":"2 minutos"},"schema":{"@context":"https:\/\/schema.org","@graph":[{"@type":"WebPage","@id":"https:\/\/15131.p.syniva.es\/pt-pt\/produto\/head-speed-pro-2023-5\/","url":"https:\/\/15131.p.syniva.es\/pt-pt\/produto\/head-speed-pro-2023-5\/","name":"HEAD SPEED PRO 2023 - Revolution Padel Store","isPartOf":{"@id":"https:\/\/15131.p.syniva.es\/pt-pt\/#website"},"primaryImageOfPage":{"@id":"https:\/\/15131.p.syniva.es\/pt-pt\/produto\/head-speed-pro-2023-5\/#primaryimage"},"image":{"@id":"https:\/\/15131.p.syniva.es\/pt-pt\/produto\/head-speed-pro-2023-5\/#primaryimage"},"thumbnailUrl":"https:\/\/15131.p.syniva.es\/wp-content\/uploads\/2024\/03\/32509_head_speed_pro_2023_221013_1500x1500_vista1_3db9.webp","datePublished":"2024-03-19T18:52:33+00:00","dateModified":"2026-04-08T12:59:23+00:00","description":"Dise\u00f1ada para jugadores de nivel avanzado, aterriza en P\u0101del Nuestro la nueva HEAD SPEED PRO 2023. Es una pala polivalente con la que ganar\u00e1s velocidad en la pista.","breadcrumb":{"@id":"https:\/\/15131.p.syniva.es\/pt-pt\/produto\/head-speed-pro-2023-5\/#breadcrumb"},"inLanguage":"pt-PT","potentialAction":[{"@type":"ReadAction","target":["https:\/\/15131.p.syniva.es\/pt-pt\/produto\/head-speed-pro-2023-5\/"]}]},{"@type":"ImageObject","inLanguage":"pt-PT","@id":"https:\/\/15131.p.syniva.es\/pt-pt\/produto\/head-speed-pro-2023-5\/#primaryimage","url":"https:\/\/15131.p.syniva.es\/wp-content\/uploads\/2024\/03\/32509_head_speed_pro_2023_221013_1500x1500_vista1_3db9.webp","contentUrl":"https:\/\/15131.p.syniva.es\/wp-content\/uploads\/2024\/03\/32509_head_speed_pro_2023_221013_1500x1500_vista1_3db9.webp","width":1500,"height":1500},{"@type":"BreadcrumbList","@id":"https:\/\/15131.p.syniva.es\/pt-pt\/produto\/head-speed-pro-2023-5\/#breadcrumb","itemListElement":[{"@type":"ListItem","position":1,"name":"Portada","item":"https:\/\/15131.p.syniva.es\/pt-pt\/"},{"@type":"ListItem","position":2,"name":"Tienda","item":"https:\/\/15131.p.syniva.es\/pt-pt\/tienda\/"},{"@type":"ListItem","position":3,"name":"HEAD SPEED PRO 2023"}]},{"@type":"WebSite","@id":"https:\/\/15131.p.syniva.es\/pt-pt\/#website","url":"https:\/\/15131.p.syniva.es\/pt-pt\/","name":"Revolution Padel Store","description":"","publisher":{"@id":"https:\/\/15131.p.syniva.es\/pt-pt\/#organization"},"potentialAction":[{"@type":"SearchAction","target":{"@type":"EntryPoint","urlTemplate":"https:\/\/15131.p.syniva.es\/pt-pt\/?s={search_term_string}"},"query-input":{"@type":"PropertyValueSpecification","valueRequired":true,"valueName":"search_term_string"}}],"inLanguage":"pt-PT"},{"@type":"Organization","@id":"https:\/\/15131.p.syniva.es\/pt-pt\/#organization","name":"Revolution Padel Store","url":"https:\/\/15131.p.syniva.es\/pt-pt\/","logo":{"@type":"ImageObject","inLanguage":"pt-PT","@id":"https:\/\/15131.p.syniva.es\/pt-pt\/#\/schema\/logo\/image\/","url":"https:\/\/15131.p.syniva.es\/wp-content\/uploads\/2026\/02\/revolution-padel-store.jpg","contentUrl":"https:\/\/15131.p.syniva.es\/wp-content\/uploads\/2026\/02\/revolution-padel-store.jpg","width":2000,"height":2000,"caption":"Revolution Padel Store"},"image":{"@id":"https:\/\/15131.p.syniva.es\/pt-pt\/#\/schema\/logo\/image\/"},"sameAs":["https:\/\/www.instagram.com\/revolutionpadelstore\/"]}]}},"_links":{"self":[{"href":"https:\/\/15131.p.syniva.es\/pt-pt\/wp-json\/wp\/v2\/product\/20348","targetHints":{"allow":["GET"]}}],"collection":[{"href":"https:\/\/15131.p.syniva.es\/pt-pt\/wp-json\/wp\/v2\/product"}],"about":[{"href":"https:\/\/15131.p.syniva.es\/pt-pt\/wp-json\/wp\/v2\/types\/product"}],"replies":[{"embeddable":true,"href":"https:\/\/15131.p.syniva.es\/pt-pt\/wp-json\/wp\/v2\/comments?post=20348"}],"wp:featuredmedia":[{"embeddable":true,"href":"https:\/\/15131.p.syniva.es\/pt-pt\/wp-json\/wp\/v2\/media\/52270"}],"wp:attachment":[{"href":"https:\/\/15131.p.syniva.es\/pt-pt\/wp-json\/wp\/v2\/media?parent=20348"}],"wp:term":[{"taxonomy":"acabado","embeddable":true,"href":"https:\/\/15131.p.syniva.es\/pt-pt\/wp-json\/wp\/v2\/acabado?post=20348"},{"taxonomy":"balance","embeddable":true,"href":"https:\/\/15131.p.syniva.es\/pt-pt\/wp-json\/wp\/v2\/balance?post=20348"},{"taxonomy":"dureza","embeddable":true,"href":"https:\/\/15131.p.syniva.es\/pt-pt\/wp-json\/wp\/v2\/dureza?post=20348"},{"taxonomy":"forma","embeddable":true,"href":"https:\/\/15131.p.syniva.es\/pt-pt\/wp-json\/wp\/v2\/forma?post=20348"},{"taxonomy":"jugador","embeddable":true,"href":"https:\/\/15131.p.syniva.es\/pt-pt\/wp-json\/wp\/v2\/jugador?post=20348"},{"taxonomy":"marca","embeddable":true,"href":"https:\/\/15131.p.syniva.es\/pt-pt\/wp-json\/wp\/v2\/marca?post=20348"},{"taxonomy":"nivel-de-juego","embeddable":true,"href":"https:\/\/15131.p.syniva.es\/pt-pt\/wp-json\/wp\/v2\/nivel-de-juego?post=20348"},{"taxonomy":"superficie","embeddable":true,"href":"https:\/\/15131.p.syniva.es\/pt-pt\/wp-json\/wp\/v2\/superficie?post=20348"},{"taxonomy":"tipo-de-juego","embeddable":true,"href":"https:\/\/15131.p.syniva.es\/pt-pt\/wp-json\/wp\/v2\/tipo-de-juego?post=20348"},{"taxonomy":"product_brand","embeddable":true,"href":"https:\/\/15131.p.syniva.es\/pt-pt\/wp-json\/wp\/v2\/product_brand?post=20348"},{"taxonomy":"product_cat","embeddable":true,"href":"https:\/\/15131.p.syniva.es\/pt-pt\/wp-json\/wp\/v2\/product_cat?post=20348"},{"taxonomy":"product_tag","embeddable":true,"href":"https:\/\/15131.p.syniva.es\/pt-pt\/wp-json\/wp\/v2\/product_tag?post=20348"}],"curies":[{"name":"wp","href":"https:\/\/api.w.org\/{rel}","templated":true}]}}