{"id":216897,"date":"2025-04-01T23:16:54","date_gmt":"2025-04-01T21:16:54","guid":{"rendered":"https:\/\/15131.p.syniva.es\/?post_type=product&#038;p=216897"},"modified":"2026-04-08T05:27:14","modified_gmt":"2026-04-08T03:27:14","slug":"bolsa-siux-the-king-5","status":"publish","type":"product","link":"https:\/\/15131.p.syniva.es\/pt-pt\/produto\/bolsa-siux-the-king-5\/","title":{"rendered":"BOLSA SIUX THE KING"},"content":{"rendered":"<p><H2> Siux the King &#8211; Luxo, espa\u00e7o e estilo para jogadores exigentes <\/h2>\n<p>A bolsa <strong> Siux the King <\/strong> \u00e9 muito mais que um paletero: \u00e9 o acess\u00f3rio final do Premium para jogadores que procuram <strong> eleg\u00e2ncia, funcionalidade e qualidade em todos os detalhes <\/strong>. Projetado para aqueles que n\u00e3o est\u00e3o em conformidade com o padr\u00e3o, esta bolsa combina uma capacidade excepcional com um design exclusivo, ideal para se destacar dentro e fora da pista.<br \/>\n<H2> caracter\u00edsticas pendentes <\/h2>\n<p><P> <strong>&#8211; Capacidade premium <\/strong><br \/>\nEspa\u00e7o generoso para usar v\u00e1rias l\u00e2minas, roupas, sapatos e todos os seus acess\u00f3rios com total conforto e organiza\u00e7\u00e3o.<br \/>\n<P> <strong>-Materiais de ponta <\/strong><br \/>\nFeito com materiais resistentes e dur\u00e1veis, oferece prote\u00e7\u00e3o superior contra o desgaste, garantindo uma vida \u00fatil longa, mesmo com uso intensivo. <\/p>\n<p><P> <strong>-exclusivo e sofisticado design <\/strong><br \/>\nInspirado na faixa <strong> alta do paddle <\/strong>, seu estilo moderno e refinado fornece um toque de distin\u00e7\u00e3o ao seu equipamento esportivo. <\/p>\n<p><H2> Compartimentos funcionais <\/h2>\n<p><P> <strong>&#8211; v\u00e1rios compartimentos adicionais <\/strong><br \/>\nPerfeito para objetos pessoais, acess\u00f3rios ou o que voc\u00ea precisa sempre ter \u00e0 m\u00e3o.<\/p>\n<p> <strong>&#8211; espa\u00e7o para cal\u00e7ados e roupas usadas <\/strong><br \/>\nSepara\u00e7\u00e3o funcional para manter a ordem e a higiene dentro da bolsa. <\/p>\n<p><H2> transporte confort\u00e1vel e vers\u00e1til <\/h2>\n<p> <strong>&#8211; al\u00e7a superior refor\u00e7ada <\/strong> para transporte manual. <\/p>\n<p>&lt;p style = &quot;preenchimento-esquerda: 40px;&quot;<br \/>\n&lt;p style = &quot;preenchimento-esquerda: 40px;&quot;<\/p>\n<p><H2> Por que escolher o Siux the King Bag?<br \/>\nPorque <strong> reflete seu n\u00edvel e sua paix\u00e3o pelo t\u00eanis de remo <\/strong>. Seu design premium, materiais de alta qualidade e distribui\u00e7\u00e3o pr\u00e1tica o tornam o parceiro perfeito para treinamento, f\u00f3sforos ou torneios. \u00c9 uma bolsa criada para jogadores exigentes que procuram estilo, conforto e durabilidade <\/strong>.<\/p>\n<p>J\u00e1 o compensa em nossa loja on -line <a href=\"https:\/\/www.15131.p.syniva.es\/\"> www.15131.p.syniva.es <\/a> e leve -o &lt;\u00e9vatela <strong> provavelmente com o melhor pre\u00e7o de mercado <\/strong>.<\/p>\n<h2>\u00a0Bolsa Siux The King \u2013 Lujo, Espacio y Estilo para Jugadores de P\u00e1del Exigentes<\/h2>\n","protected":false},"excerpt":{"rendered":"<p>Siux the King &#8211; Luxo, espa\u00e7o e estilo para jogadores exigentes A bolsa Siux the King \u00e9 muito mais que um paletero: \u00e9 o acess\u00f3rio final do Premium para jogadores que procuram eleg\u00e2ncia, funcionalidade e qualidade em todos os detalhes . Projetado para aqueles que n\u00e3o est\u00e3o em conformidade com o padr\u00e3o, esta bolsa combina [&hellip;]<\/p>\n","protected":false},"featured_media":216909,"comment_status":"open","ping_status":"closed","template":"","meta":{"_acf_changed":false,"_joinchat":[]},"acabado":[],"balance":[],"dureza":[],"forma":[],"jugador":[],"marca":[1305],"nivel-de-juego":[],"superficie":[],"tipo-de-juego":[],"product_brand":[],"product_cat":[316],"product_tag":[],"class_list":{"0":"post-216897","1":"product","2":"type-product","3":"status-publish","4":"has-post-thumbnail","6":"marca-siux-pt-pt","7":"product_cat-bolsas-pt-pt","9":"first","10":"instock","11":"sale","12":"taxable","13":"shipping-taxable","14":"purchasable","15":"product-type-simple"},"acf":[],"yoast_head":"<!-- This site is optimized with the Yoast SEO plugin v27.3 - https:\/\/yoast.com\/product\/yoast-seo-wordpress\/ -->\n<title>BOLSA SIUX THE KING - Revolution Padel Store<\/title>\n<meta name=\"description\" content=\"La Bolsa Siux The King es el paletero premium para jugadores de p\u00e1del exigentes. Con dise\u00f1o exclusivo, materiales de alta calidad y gran capacidad, es ideal para llevar tu equipo con estilo y comodidad. \u00a1Cons\u00edguela online al mejor precio en Revolution Padel Store!\" \/>\n<meta name=\"robots\" content=\"index, follow, max-snippet:-1, max-image-preview:large, max-video-preview:-1\" \/>\n<link rel=\"canonical\" href=\"https:\/\/15131.p.syniva.es\/pt-pt\/produto\/bolsa-siux-the-king-5\/\" \/>\n<meta property=\"og:locale\" content=\"pt_PT\" \/>\n<meta property=\"og:type\" content=\"article\" \/>\n<meta property=\"og:title\" content=\"BOLSA SIUX THE KING - Revolution Padel Store\" \/>\n<meta property=\"og:description\" content=\"La Bolsa Siux The King es el paletero premium para jugadores de p\u00e1del exigentes. Con dise\u00f1o exclusivo, materiales de alta calidad y gran capacidad, es ideal para llevar tu equipo con estilo y comodidad. \u00a1Cons\u00edguela online al mejor precio en Revolution Padel Store!\" \/>\n<meta property=\"og:url\" content=\"https:\/\/15131.p.syniva.es\/pt-pt\/produto\/bolsa-siux-the-king-5\/\" \/>\n<meta property=\"og:site_name\" content=\"Revolution Padel Store\" \/>\n<meta property=\"article:modified_time\" content=\"2026-04-08T03:27:14+00:00\" \/>\n<meta property=\"og:image\" content=\"https:\/\/15131.p.syniva.es\/wp-content\/uploads\/2025\/04\/213.png\" \/>\n\t<meta property=\"og:image:width\" content=\"1500\" \/>\n\t<meta property=\"og:image:height\" content=\"1500\" \/>\n\t<meta property=\"og:image:type\" content=\"image\/png\" \/>\n<meta name=\"twitter:card\" content=\"summary_large_image\" \/>\n<meta name=\"twitter:label1\" content=\"Tempo estimado de leitura\" \/>\n\t<meta name=\"twitter:data1\" content=\"2 minutos\" \/>\n<script type=\"application\/ld+json\" class=\"yoast-schema-graph\">{\"@context\":\"https:\\\/\\\/schema.org\",\"@graph\":[{\"@type\":\"WebPage\",\"@id\":\"https:\\\/\\\/15131.p.syniva.es\\\/pt-pt\\\/produto\\\/bolsa-siux-the-king-5\\\/\",\"url\":\"https:\\\/\\\/15131.p.syniva.es\\\/pt-pt\\\/produto\\\/bolsa-siux-the-king-5\\\/\",\"name\":\"BOLSA SIUX THE KING - Revolution Padel Store\",\"isPartOf\":{\"@id\":\"https:\\\/\\\/15131.p.syniva.es\\\/pt-pt\\\/#website\"},\"primaryImageOfPage\":{\"@id\":\"https:\\\/\\\/15131.p.syniva.es\\\/pt-pt\\\/produto\\\/bolsa-siux-the-king-5\\\/#primaryimage\"},\"image\":{\"@id\":\"https:\\\/\\\/15131.p.syniva.es\\\/pt-pt\\\/produto\\\/bolsa-siux-the-king-5\\\/#primaryimage\"},\"thumbnailUrl\":\"https:\\\/\\\/15131.p.syniva.es\\\/wp-content\\\/uploads\\\/2025\\\/04\\\/213.png\",\"datePublished\":\"2025-04-01T21:16:54+00:00\",\"dateModified\":\"2026-04-08T03:27:14+00:00\",\"description\":\"La Bolsa Siux The King es el paletero premium para jugadores de p\u00e1del exigentes. Con dise\u00f1o exclusivo, materiales de alta calidad y gran capacidad, es ideal para llevar tu equipo con estilo y comodidad. \u00a1Cons\u00edguela online al mejor precio en Revolution Padel Store!\",\"breadcrumb\":{\"@id\":\"https:\\\/\\\/15131.p.syniva.es\\\/pt-pt\\\/produto\\\/bolsa-siux-the-king-5\\\/#breadcrumb\"},\"inLanguage\":\"pt-PT\",\"potentialAction\":[{\"@type\":\"ReadAction\",\"target\":[\"https:\\\/\\\/15131.p.syniva.es\\\/pt-pt\\\/produto\\\/bolsa-siux-the-king-5\\\/\"]}]},{\"@type\":\"ImageObject\",\"inLanguage\":\"pt-PT\",\"@id\":\"https:\\\/\\\/15131.p.syniva.es\\\/pt-pt\\\/produto\\\/bolsa-siux-the-king-5\\\/#primaryimage\",\"url\":\"https:\\\/\\\/15131.p.syniva.es\\\/wp-content\\\/uploads\\\/2025\\\/04\\\/213.png\",\"contentUrl\":\"https:\\\/\\\/15131.p.syniva.es\\\/wp-content\\\/uploads\\\/2025\\\/04\\\/213.png\",\"width\":1500,\"height\":1500},{\"@type\":\"BreadcrumbList\",\"@id\":\"https:\\\/\\\/15131.p.syniva.es\\\/pt-pt\\\/produto\\\/bolsa-siux-the-king-5\\\/#breadcrumb\",\"itemListElement\":[{\"@type\":\"ListItem\",\"position\":1,\"name\":\"Portada\",\"item\":\"https:\\\/\\\/15131.p.syniva.es\\\/pt-pt\\\/\"},{\"@type\":\"ListItem\",\"position\":2,\"name\":\"Tienda\",\"item\":\"https:\\\/\\\/15131.p.syniva.es\\\/pt-pt\\\/tienda\\\/\"},{\"@type\":\"ListItem\",\"position\":3,\"name\":\"BOLSA SIUX THE KING\"}]},{\"@type\":\"WebSite\",\"@id\":\"https:\\\/\\\/15131.p.syniva.es\\\/pt-pt\\\/#website\",\"url\":\"https:\\\/\\\/15131.p.syniva.es\\\/pt-pt\\\/\",\"name\":\"Revolution Padel Store\",\"description\":\"\",\"publisher\":{\"@id\":\"https:\\\/\\\/15131.p.syniva.es\\\/pt-pt\\\/#organization\"},\"potentialAction\":[{\"@type\":\"SearchAction\",\"target\":{\"@type\":\"EntryPoint\",\"urlTemplate\":\"https:\\\/\\\/15131.p.syniva.es\\\/pt-pt\\\/?s={search_term_string}\"},\"query-input\":{\"@type\":\"PropertyValueSpecification\",\"valueRequired\":true,\"valueName\":\"search_term_string\"}}],\"inLanguage\":\"pt-PT\"},{\"@type\":\"Organization\",\"@id\":\"https:\\\/\\\/15131.p.syniva.es\\\/pt-pt\\\/#organization\",\"name\":\"Revolution Padel Store\",\"url\":\"https:\\\/\\\/15131.p.syniva.es\\\/pt-pt\\\/\",\"logo\":{\"@type\":\"ImageObject\",\"inLanguage\":\"pt-PT\",\"@id\":\"https:\\\/\\\/15131.p.syniva.es\\\/pt-pt\\\/#\\\/schema\\\/logo\\\/image\\\/\",\"url\":\"https:\\\/\\\/15131.p.syniva.es\\\/wp-content\\\/uploads\\\/2026\\\/02\\\/revolution-padel-store.jpg\",\"contentUrl\":\"https:\\\/\\\/15131.p.syniva.es\\\/wp-content\\\/uploads\\\/2026\\\/02\\\/revolution-padel-store.jpg\",\"width\":2000,\"height\":2000,\"caption\":\"Revolution Padel Store\"},\"image\":{\"@id\":\"https:\\\/\\\/15131.p.syniva.es\\\/pt-pt\\\/#\\\/schema\\\/logo\\\/image\\\/\"},\"sameAs\":[\"https:\\\/\\\/www.instagram.com\\\/revolutionpadelstore\\\/\"]}]}<\/script>\n<!-- \/ Yoast SEO plugin. -->","yoast_head_json":{"title":"BOLSA SIUX THE KING - Revolution Padel Store","description":"La Bolsa Siux The King es el paletero premium para jugadores de p\u00e1del exigentes. Con dise\u00f1o exclusivo, materiales de alta calidad y gran capacidad, es ideal para llevar tu equipo con estilo y comodidad. \u00a1Cons\u00edguela online al mejor precio en Revolution Padel Store!","robots":{"index":"index","follow":"follow","max-snippet":"max-snippet:-1","max-image-preview":"max-image-preview:large","max-video-preview":"max-video-preview:-1"},"canonical":"https:\/\/15131.p.syniva.es\/pt-pt\/produto\/bolsa-siux-the-king-5\/","og_locale":"pt_PT","og_type":"article","og_title":"BOLSA SIUX THE KING - Revolution Padel Store","og_description":"La Bolsa Siux The King es el paletero premium para jugadores de p\u00e1del exigentes. Con dise\u00f1o exclusivo, materiales de alta calidad y gran capacidad, es ideal para llevar tu equipo con estilo y comodidad. \u00a1Cons\u00edguela online al mejor precio en Revolution Padel Store!","og_url":"https:\/\/15131.p.syniva.es\/pt-pt\/produto\/bolsa-siux-the-king-5\/","og_site_name":"Revolution Padel Store","article_modified_time":"2026-04-08T03:27:14+00:00","og_image":[{"width":1500,"height":1500,"url":"https:\/\/15131.p.syniva.es\/wp-content\/uploads\/2025\/04\/213.png","type":"image\/png"}],"twitter_card":"summary_large_image","twitter_misc":{"Tempo estimado de leitura":"2 minutos"},"schema":{"@context":"https:\/\/schema.org","@graph":[{"@type":"WebPage","@id":"https:\/\/15131.p.syniva.es\/pt-pt\/produto\/bolsa-siux-the-king-5\/","url":"https:\/\/15131.p.syniva.es\/pt-pt\/produto\/bolsa-siux-the-king-5\/","name":"BOLSA SIUX THE KING - Revolution Padel Store","isPartOf":{"@id":"https:\/\/15131.p.syniva.es\/pt-pt\/#website"},"primaryImageOfPage":{"@id":"https:\/\/15131.p.syniva.es\/pt-pt\/produto\/bolsa-siux-the-king-5\/#primaryimage"},"image":{"@id":"https:\/\/15131.p.syniva.es\/pt-pt\/produto\/bolsa-siux-the-king-5\/#primaryimage"},"thumbnailUrl":"https:\/\/15131.p.syniva.es\/wp-content\/uploads\/2025\/04\/213.png","datePublished":"2025-04-01T21:16:54+00:00","dateModified":"2026-04-08T03:27:14+00:00","description":"La Bolsa Siux The King es el paletero premium para jugadores de p\u00e1del exigentes. Con dise\u00f1o exclusivo, materiales de alta calidad y gran capacidad, es ideal para llevar tu equipo con estilo y comodidad. \u00a1Cons\u00edguela online al mejor precio en Revolution Padel Store!","breadcrumb":{"@id":"https:\/\/15131.p.syniva.es\/pt-pt\/produto\/bolsa-siux-the-king-5\/#breadcrumb"},"inLanguage":"pt-PT","potentialAction":[{"@type":"ReadAction","target":["https:\/\/15131.p.syniva.es\/pt-pt\/produto\/bolsa-siux-the-king-5\/"]}]},{"@type":"ImageObject","inLanguage":"pt-PT","@id":"https:\/\/15131.p.syniva.es\/pt-pt\/produto\/bolsa-siux-the-king-5\/#primaryimage","url":"https:\/\/15131.p.syniva.es\/wp-content\/uploads\/2025\/04\/213.png","contentUrl":"https:\/\/15131.p.syniva.es\/wp-content\/uploads\/2025\/04\/213.png","width":1500,"height":1500},{"@type":"BreadcrumbList","@id":"https:\/\/15131.p.syniva.es\/pt-pt\/produto\/bolsa-siux-the-king-5\/#breadcrumb","itemListElement":[{"@type":"ListItem","position":1,"name":"Portada","item":"https:\/\/15131.p.syniva.es\/pt-pt\/"},{"@type":"ListItem","position":2,"name":"Tienda","item":"https:\/\/15131.p.syniva.es\/pt-pt\/tienda\/"},{"@type":"ListItem","position":3,"name":"BOLSA SIUX THE KING"}]},{"@type":"WebSite","@id":"https:\/\/15131.p.syniva.es\/pt-pt\/#website","url":"https:\/\/15131.p.syniva.es\/pt-pt\/","name":"Revolution Padel Store","description":"","publisher":{"@id":"https:\/\/15131.p.syniva.es\/pt-pt\/#organization"},"potentialAction":[{"@type":"SearchAction","target":{"@type":"EntryPoint","urlTemplate":"https:\/\/15131.p.syniva.es\/pt-pt\/?s={search_term_string}"},"query-input":{"@type":"PropertyValueSpecification","valueRequired":true,"valueName":"search_term_string"}}],"inLanguage":"pt-PT"},{"@type":"Organization","@id":"https:\/\/15131.p.syniva.es\/pt-pt\/#organization","name":"Revolution Padel Store","url":"https:\/\/15131.p.syniva.es\/pt-pt\/","logo":{"@type":"ImageObject","inLanguage":"pt-PT","@id":"https:\/\/15131.p.syniva.es\/pt-pt\/#\/schema\/logo\/image\/","url":"https:\/\/15131.p.syniva.es\/wp-content\/uploads\/2026\/02\/revolution-padel-store.jpg","contentUrl":"https:\/\/15131.p.syniva.es\/wp-content\/uploads\/2026\/02\/revolution-padel-store.jpg","width":2000,"height":2000,"caption":"Revolution Padel Store"},"image":{"@id":"https:\/\/15131.p.syniva.es\/pt-pt\/#\/schema\/logo\/image\/"},"sameAs":["https:\/\/www.instagram.com\/revolutionpadelstore\/"]}]}},"_links":{"self":[{"href":"https:\/\/15131.p.syniva.es\/pt-pt\/wp-json\/wp\/v2\/product\/216897","targetHints":{"allow":["GET"]}}],"collection":[{"href":"https:\/\/15131.p.syniva.es\/pt-pt\/wp-json\/wp\/v2\/product"}],"about":[{"href":"https:\/\/15131.p.syniva.es\/pt-pt\/wp-json\/wp\/v2\/types\/product"}],"replies":[{"embeddable":true,"href":"https:\/\/15131.p.syniva.es\/pt-pt\/wp-json\/wp\/v2\/comments?post=216897"}],"wp:featuredmedia":[{"embeddable":true,"href":"https:\/\/15131.p.syniva.es\/pt-pt\/wp-json\/wp\/v2\/media\/216909"}],"wp:attachment":[{"href":"https:\/\/15131.p.syniva.es\/pt-pt\/wp-json\/wp\/v2\/media?parent=216897"}],"wp:term":[{"taxonomy":"acabado","embeddable":true,"href":"https:\/\/15131.p.syniva.es\/pt-pt\/wp-json\/wp\/v2\/acabado?post=216897"},{"taxonomy":"balance","embeddable":true,"href":"https:\/\/15131.p.syniva.es\/pt-pt\/wp-json\/wp\/v2\/balance?post=216897"},{"taxonomy":"dureza","embeddable":true,"href":"https:\/\/15131.p.syniva.es\/pt-pt\/wp-json\/wp\/v2\/dureza?post=216897"},{"taxonomy":"forma","embeddable":true,"href":"https:\/\/15131.p.syniva.es\/pt-pt\/wp-json\/wp\/v2\/forma?post=216897"},{"taxonomy":"jugador","embeddable":true,"href":"https:\/\/15131.p.syniva.es\/pt-pt\/wp-json\/wp\/v2\/jugador?post=216897"},{"taxonomy":"marca","embeddable":true,"href":"https:\/\/15131.p.syniva.es\/pt-pt\/wp-json\/wp\/v2\/marca?post=216897"},{"taxonomy":"nivel-de-juego","embeddable":true,"href":"https:\/\/15131.p.syniva.es\/pt-pt\/wp-json\/wp\/v2\/nivel-de-juego?post=216897"},{"taxonomy":"superficie","embeddable":true,"href":"https:\/\/15131.p.syniva.es\/pt-pt\/wp-json\/wp\/v2\/superficie?post=216897"},{"taxonomy":"tipo-de-juego","embeddable":true,"href":"https:\/\/15131.p.syniva.es\/pt-pt\/wp-json\/wp\/v2\/tipo-de-juego?post=216897"},{"taxonomy":"product_brand","embeddable":true,"href":"https:\/\/15131.p.syniva.es\/pt-pt\/wp-json\/wp\/v2\/product_brand?post=216897"},{"taxonomy":"product_cat","embeddable":true,"href":"https:\/\/15131.p.syniva.es\/pt-pt\/wp-json\/wp\/v2\/product_cat?post=216897"},{"taxonomy":"product_tag","embeddable":true,"href":"https:\/\/15131.p.syniva.es\/pt-pt\/wp-json\/wp\/v2\/product_tag?post=216897"}],"curies":[{"name":"wp","href":"https:\/\/api.w.org\/{rel}","templated":true}]}}